{"id":1845,"date":"2025-01-26T23:49:16","date_gmt":"2025-01-26T23:49:16","guid":{"rendered":"https:\/\/builtboats.co.nz\/kontakt\/"},"modified":"2025-07-16T08:29:40","modified_gmt":"2025-07-16T08:29:40","slug":"kontakt","status":"publish","type":"page","link":"https:\/\/builtboats.co.nz\/de\/kontakt\/","title":{"rendered":"Kontakt"},"content":{"rendered":"\n<div class=\"wp-block-uagb-container uagb-block-4902463a alignfull uagb-is-root-container\"><div class=\"uagb-container-inner-blocks-wrap\">\n<div class=\"wp-block-uagb-advanced-heading uagb-block-a651693a\"><div class=\"uagb-separator\"><\/div><h1 class=\"uagb-heading-text\">Kontaktieren Sie Built Boats: Lassen Sie uns Ihr Projekt besprechen<\/h1><\/div>\n<\/div><\/div>\n\n<div class=\"wp-block-uagb-container uagb-block-cfe1309e alignfull uagb-is-root-container\"><div class=\"uagb-container-inner-blocks-wrap\">\n<div class=\"wp-block-uagb-advanced-heading uagb-block-c50eef20\"><div class=\"uagb-separator\"><\/div><h2 class=\"uagb-heading-text\">Nutzen Sie unser Know-how f\u00fcr Ihr Bootsdesign<\/h2><p class=\"uagb-desc-text\">Ganz gleich, ob Sie ein ma\u00dfgeschneidertes Yachtdesign planen, eine spezielle <a href=\"https:\/\/builtboats.co.nz\/de\/dienstleistungen\/\">Beratung<\/a> im Bereich der Schiffsarchitektur ben\u00f6tigen oder einen fachkundigen Rat zu komplizierten Projekten im Bereich der Schiffstechnik suchen, das Team von Built Boats steht Ihnen gerne zur Seite. Verwenden Sie das untenstehende Formular oder setzen Sie sich direkt mit uns in Verbindung, um ein Gespr\u00e4ch \u00fcber Ihre individuellen Anforderungen an das Schiffsdesign zu beginnen, ein pers\u00f6nliches Angebot zu erhalten oder zu erfahren, wie wir Ihre Visionen verwirklichen k\u00f6nnen. Wir sind stolz darauf, innovative, leistungsstarke und nachhaltige Bootsdesigns zu entwickeln, die genau auf Ihre Anforderungen zugeschnitten sind.<\/p><\/div>\n\n\n\n<div class=\"wp-block-uagb-container uagb-layout-flex uagb-block-5198926b\">\n<div class=\"wp-block-uagb-container uagb-layout-grid uagb-block-cbaaf051\">\n<div class=\"wp-block-uagb-container uagb-block-b1dfec9f\">\n<div class=\"wp-block-uagb-advanced-heading uagb-block-87497a08\"><p class=\"uagb-heading-text\">\u00d6FFNUNGSZEITEN<\/p><p class=\"uagb-desc-text\"><strong>Montag &#8211; Freitag<\/strong>: 7:30 AM &#8211; 4:30 PM<br\/><strong>Samstag<\/strong>: Geschlossen<br\/><strong>Sonntag<\/strong>: Geschlossen<\/p><\/div>\n<\/div>\n\n\n\n<div class=\"wp-block-uagb-container uagb-block-a1907cc4\">\n<div class=\"wp-block-uagb-advanced-heading uagb-block-7da06fd8\"><p class=\"uagb-heading-text\">Adresse<\/p><p class=\"uagb-desc-text\">178 Orakei Road<br\/>Remuera<br\/>Auckland<br\/>Neuseeland<br\/><br\/><br\/><\/p><\/div>\n\n\n\t\t\t<div \n\t\t\tclass=\"wp-block-uagb-google-map uagb-google-map__wrap uagb-block-699b5df5     \"\n\t\t\tstyle=\"\" >\n\t\t\t\t<embed\n\t\t\t\t\tclass=\"uagb-google-map__iframe\"\n\t\t\t\t\ttitle=\"Google Map for \"\n\t\t\t\t\tsrc=\"https:\/\/maps.google.com\/maps?q=178%20Orakei%20Road%2C%20Remuera%2C%20Auckland&#038;z=12&#038;hl=en&#038;t=k&#038;output=embed&#038;iwloc=near\"\n\t\t\t\t\twidth=\"640\"\n\t\t\t\t\theight=\"300\"\n\t\t\t\t\tloading=\"lazy\"\n\t\t\t\t><\/embed>\n\t\t\t<\/div>\n\t\t\t<\/div>\n\n\n\n<div class=\"wp-block-uagb-container uagb-block-0eb6068c\">\n<div class=\"wp-block-uagb-advanced-heading uagb-block-52a1bdfc\"><p class=\"uagb-heading-text\">Sozial werden<\/p><\/div>\n\n\n\n<div class=\"wp-block-uagb-icon-list uagb-block-c9e31b04\"><div class=\"uagb-icon-list__wrap\">\n<div class=\"wp-block-uagb-icon-list-child uagb-block-52e74f70\"><a target=\"_self\" aria-label=\"List item\" rel=\"noopener noreferrer\" href=\"https:\/\/www.instagram.com\/builtboats_nz\"> <\/a><span class=\"uagb-icon-list__source-wrap\"><svg xmlns=\"https:\/\/www.w3.org\/2000\/svg\" viewbox=\"0 0 448 512\"><path d=\"M224.1 141c-63.6 0-114.9 51.3-114.9 114.9s51.3 114.9 114.9 114.9S339 319.5 339 255.9 287.7 141 224.1 141zm0 189.6c-41.1 0-74.7-33.5-74.7-74.7s33.5-74.7 74.7-74.7 74.7 33.5 74.7 74.7-33.6 74.7-74.7 74.7zm146.4-194.3c0 14.9-12 26.8-26.8 26.8-14.9 0-26.8-12-26.8-26.8s12-26.8 26.8-26.8 26.8 12 26.8 26.8zm76.1 27.2c-1.7-35.9-9.9-67.7-36.2-93.9-26.2-26.2-58-34.4-93.9-36.2-37-2.1-147.9-2.1-184.9 0-35.8 1.7-67.6 9.9-93.9 36.1s-34.4 58-36.2 93.9c-2.1 37-2.1 147.9 0 184.9 1.7 35.9 9.9 67.7 36.2 93.9s58 34.4 93.9 36.2c37 2.1 147.9 2.1 184.9 0 35.9-1.7 67.7-9.9 93.9-36.2 26.2-26.2 34.4-58 36.2-93.9 2.1-37 2.1-147.8 0-184.8zM398.8 388c-7.8 19.6-22.9 34.7-42.6 42.6-29.5 11.7-99.5 9-132.1 9s-102.7 2.6-132.1-9c-19.6-7.8-34.7-22.9-42.6-42.6-11.7-29.5-9-99.5-9-132.1s-2.6-102.7 9-132.1c7.8-19.6 22.9-34.7 42.6-42.6 29.5-11.7 99.5-9 132.1-9s102.7-2.6 132.1 9c19.6 7.8 34.7 22.9 42.6 42.6 11.7 29.5 9 99.5 9 132.1s2.7 102.7-9 132.1z\"><\/path><\/svg><\/span><\/div>\n\n\n\n<div class=\"wp-block-uagb-icon-list-child uagb-block-7606ed9b\"><a target=\"_blank\" aria-label=\"\" rel=\"noopener noreferrer\" href=\"https:\/\/www.facebook.com\/builtboats\"> <\/a><span class=\"uagb-icon-list__source-wrap\"><svg xmlns=\"https:\/\/www.w3.org\/2000\/svg\" viewbox=\"0 0 512 512\"><path d=\"M504 256C504 119 393 8 256 8S8 119 8 256c0 123.8 90.69 226.4 209.3 245V327.7h-63V256h63v-54.64c0-62.15 37-96.48 93.67-96.48 27.14 0 55.52 4.84 55.52 4.84v61h-31.28c-30.8 0-40.41 19.12-40.41 38.73V256h68.78l-11 71.69h-57.78V501C413.3 482.4 504 379.8 504 256z\"><\/path><\/svg><\/span><\/div>\n<\/div><\/div>\n<\/div>\n<\/div>\n\n\n\n<div class=\"wp-block-uagb-container uagb-block-0f69b3e5\">\n<div class=\"wp-block-uagb-advanced-heading uagb-block-c4b4cdc5\"><p class=\"uagb-heading-text\">KONTAKT US<\/p><\/div>\n\n\n\n<div class=\"wp-block-uagb-container uagb-block-b9fbea1e\">\n<div class=\"wp-block-leadin-hubspot-form-block\">\n\t\t\t\t\t\t<script>\n\t\t\t\t\t\t\twindow.hsFormsOnReady = window.hsFormsOnReady || [];\n\t\t\t\t\t\t\twindow.hsFormsOnReady.push(()=>{\n\t\t\t\t\t\t\t\thbspt.forms.create({\n\t\t\t\t\t\t\t\t\tportalId: 441995077,\n\t\t\t\t\t\t\t\t\tformId: \"3629e682-e771-4cfa-8ecb-917c5592401d\",\n\t\t\t\t\t\t\t\t\ttarget: \"#hbspt-form-1778075571000-5563797876\",\n\t\t\t\t\t\t\t\t\tregion: \"ap1\",\n\t\t\t\t\t\t\t\t\t\n\t\t\t\t\t\t\t})});\n\t\t\t\t\t\t<\/script>\n\t\t\t\t\t\t<div class=\"hbspt-form\" id=\"hbspt-form-1778075571000-5563797876\"><\/div><\/div>\n<\/div>\n<\/div>\n<\/div>\n<\/div><\/div>\n\n<div class=\"wp-block-uagb-container uagb-block-804a406b alignfull uagb-is-root-container\"><div class=\"uagb-container-inner-blocks-wrap\">\n<div class=\"wp-block-uagb-info-box uagb-block-fd4425a9 uagb-infobox__content-wrap  uagb-infobox-icon-above-title uagb-infobox-image-valign-top wp-block-uagb-info-box--has-margin\"><div class=\"uagb-infobox-margin-wrapper\"><div class=\"uagb-ifb-content\"><div class=\"uagb-ifb-title-wrap\"><div class=\"uagb-ifb-separator\"><\/div><h2 class=\"uagb-ifb-title\">Sind Sie bereit, Ihr Projekt zu starten?<\/h2><\/div><p class=\"uagb-ifb-desc\">Setzen Sie sich noch heute mit uns in Verbindung, um herauszufinden, wie Built Boats Ltd Ihre Vision zum Leben erwecken kann.<\/p><div class=\"uagb-ifb-button-wrapper wp-block-button\"><a href=\"https:\/\/builtboats.co.nz\/de\/kontakt\/\" class=\"uagb-infobox-cta-link wp-block-button__link\" target=\"_self\" rel=\"noopener noreferrer\" onclick=\"return true;\"><span class=\"uagb-inline-editing\">Entdecken Sie unsere Dienstleistungen<\/span><\/a><\/div><\/div><\/div><\/div>\n<\/div><\/div>\n","protected":false},"excerpt":{"rendered":"<p>Kontaktieren Sie Built Boats: Lassen Sie uns Ihr Projekt besprechen Nutzen Sie unser Know-how f\u00fcr Ihr Bootsdesign Ganz gleich, ob [&hellip;]<\/p>\n","protected":false},"author":4,"featured_media":0,"parent":0,"menu_order":0,"comment_status":"closed","ping_status":"closed","template":"","meta":{"content-type":"","_uag_custom_page_level_css":"","site-sidebar-layout":"default","site-content-layout":"","ast-site-content-layout":"default","site-content-style":"default","site-sidebar-style":"default","ast-global-header-display":"","ast-banner-title-visibility":"","ast-main-header-display":"","ast-hfb-above-header-display":"","ast-hfb-below-header-display":"","ast-hfb-mobile-header-display":"","site-post-title":"disabled","ast-breadcrumbs-content":"","ast-featured-img":"","footer-sml-layout":"","ast-disable-related-posts":"","theme-transparent-header-meta":"","adv-header-id-meta":"","stick-header-meta":"","header-above-stick-meta":"","header-main-stick-meta":"","header-below-stick-meta":"","astra-migrate-meta-layouts":"default","ast-page-background-enabled":"default","ast-page-background-meta":{"desktop":{"background-color":"var(--ast-global-color-4)","background-image":"","background-repeat":"repeat","background-position":"center center","background-size":"auto","background-attachment":"scroll","background-type":"","background-media":"","overlay-type":"","overlay-color":"","overlay-opacity":"","overlay-gradient":""},"tablet":{"background-color":"","background-image":"","background-repeat":"repeat","background-position":"center center","background-size":"auto","background-attachment":"scroll","background-type":"","background-media":"","overlay-type":"","overlay-color":"","overlay-opacity":"","overlay-gradient":""},"mobile":{"background-color":"","background-image":"","background-repeat":"repeat","background-position":"center center","background-size":"auto","background-attachment":"scroll","background-type":"","background-media":"","overlay-type":"","overlay-color":"","overlay-opacity":"","overlay-gradient":""}},"ast-content-background-meta":{"desktop":{"background-color":"var(--ast-global-color-5)","background-image":"","background-repeat":"repeat","background-position":"center center","background-size":"auto","background-attachment":"scroll","background-type":"","background-media":"","overlay-type":"","overlay-color":"","overlay-opacity":"","overlay-gradient":""},"tablet":{"background-color":"var(--ast-global-color-5)","background-image":"","background-repeat":"repeat","background-position":"center center","background-size":"auto","background-attachment":"scroll","background-type":"","background-media":"","overlay-type":"","overlay-color":"","overlay-opacity":"","overlay-gradient":""},"mobile":{"background-color":"var(--ast-global-color-5)","background-image":"","background-repeat":"repeat","background-position":"center center","background-size":"auto","background-attachment":"scroll","background-type":"","background-media":"","overlay-type":"","overlay-color":"","overlay-opacity":"","overlay-gradient":""}},"_vp_format_video_url":"","_vp_image_focal_point":[],"_vp_custom_popup_image":0,"_vp_format_audio_url":"","_vp_custom_thumbnail":0,"_vp_custom_thumbnail_focal_point":[],"_vp_hover_thumbnail":0,"_vp_hover_thumbnail_focal_point":[],"footnotes":""},"class_list":["post-1845","page","type-page","status-publish","hentry"],"yoast_head":"<!-- This site is optimized with the Yoast SEO Premium plugin v25.5 (Yoast SEO v27.5) - https:\/\/yoast.com\/product\/yoast-seo-premium-wordpress\/ -->\n<title>Kontakt Gebaute Boote<\/title>\n<meta name=\"description\" content=\"Wenden Sie sich an Built Boats f\u00fcr ma\u00dfgeschneiderte Yachtdesigns und fachkundige Unterst\u00fctzung bei der Schiffsarchitektur. Lassen Sie uns Ihre Vision zum Leben erwecken.\" \/>\n<meta name=\"robots\" content=\"index, follow, max-snippet:-1, max-image-preview:large, max-video-preview:-1\" \/>\n<link rel=\"canonical\" href=\"https:\/\/builtboats.co.nz\/de\/kontakt\/\" \/>\n<meta property=\"og:locale\" content=\"de_DE\" \/>\n<meta property=\"og:type\" content=\"article\" \/>\n<meta property=\"og:title\" content=\"Kontakt\" \/>\n<meta property=\"og:description\" content=\"Wenden Sie sich an Built Boats f\u00fcr ma\u00dfgeschneiderte Yachtdesigns und fachkundige Unterst\u00fctzung bei der Schiffsarchitektur. Lassen Sie uns Ihre Vision zum Leben erwecken.\" \/>\n<meta property=\"og:url\" content=\"https:\/\/builtboats.co.nz\/de\/kontakt\/\" \/>\n<meta property=\"og:site_name\" content=\"Built Boats | Boat Design\" \/>\n<meta property=\"article:publisher\" content=\"https:\/\/www.facebook.com\/builtboats\/\" \/>\n<meta property=\"article:modified_time\" content=\"2025-07-16T08:29:40+00:00\" \/>\n<meta name=\"twitter:card\" content=\"summary_large_image\" \/>\n<meta name=\"twitter:label1\" content=\"Gesch\u00e4tzte Lesezeit\" \/>\n\t<meta name=\"twitter:data1\" content=\"1\u00a0Minute\" \/>\n<script type=\"application\/ld+json\" class=\"yoast-schema-graph\">{\"@context\":\"https:\\\/\\\/schema.org\",\"@graph\":[{\"@type\":\"WebPage\",\"@id\":\"https:\\\/\\\/builtboats.co.nz\\\/de\\\/kontakt\\\/\",\"url\":\"https:\\\/\\\/builtboats.co.nz\\\/de\\\/kontakt\\\/\",\"name\":\"Kontakt Gebaute Boote\",\"isPartOf\":{\"@id\":\"https:\\\/\\\/builtboats.co.nz\\\/#website\"},\"datePublished\":\"2025-01-26T23:49:16+00:00\",\"dateModified\":\"2025-07-16T08:29:40+00:00\",\"description\":\"Wenden Sie sich an Built Boats f\u00fcr ma\u00dfgeschneiderte Yachtdesigns und fachkundige Unterst\u00fctzung bei der Schiffsarchitektur. Lassen Sie uns Ihre Vision zum Leben erwecken.\",\"breadcrumb\":{\"@id\":\"https:\\\/\\\/builtboats.co.nz\\\/de\\\/kontakt\\\/#breadcrumb\"},\"inLanguage\":\"de\",\"potentialAction\":[{\"@type\":\"ReadAction\",\"target\":[\"https:\\\/\\\/builtboats.co.nz\\\/de\\\/kontakt\\\/\"]}]},{\"@type\":\"BreadcrumbList\",\"@id\":\"https:\\\/\\\/builtboats.co.nz\\\/de\\\/kontakt\\\/#breadcrumb\",\"itemListElement\":[{\"@type\":\"ListItem\",\"position\":1,\"name\":\"Home\",\"item\":\"https:\\\/\\\/builtboats.co.nz\\\/de\\\/\"},{\"@type\":\"ListItem\",\"position\":2,\"name\":\"Kontakt\"}]},{\"@type\":\"WebSite\",\"@id\":\"https:\\\/\\\/builtboats.co.nz\\\/#website\",\"url\":\"https:\\\/\\\/builtboats.co.nz\\\/\",\"name\":\"Built Boats | Expert Boat Design & Naval Architecture\",\"description\":\"Built Boats Ltd: Expert Boat Design &amp; Naval Architecture Solutions\",\"publisher\":{\"@id\":\"https:\\\/\\\/builtboats.co.nz\\\/#organization\"},\"potentialAction\":[{\"@type\":\"SearchAction\",\"target\":{\"@type\":\"EntryPoint\",\"urlTemplate\":\"https:\\\/\\\/builtboats.co.nz\\\/?s={search_term_string}\"},\"query-input\":{\"@type\":\"PropertyValueSpecification\",\"valueRequired\":true,\"valueName\":\"search_term_string\"}}],\"inLanguage\":\"de\"},{\"@type\":\"Organization\",\"@id\":\"https:\\\/\\\/builtboats.co.nz\\\/#organization\",\"name\":\"Built Boats | Yacht Designers & Naval Architects\",\"url\":\"https:\\\/\\\/builtboats.co.nz\\\/\",\"logo\":{\"@type\":\"ImageObject\",\"inLanguage\":\"de\",\"@id\":\"https:\\\/\\\/builtboats.co.nz\\\/#\\\/schema\\\/logo\\\/image\\\/\",\"url\":\"https:\\\/\\\/builtboats.co.nz\\\/wp-content\\\/uploads\\\/2025\\\/01\\\/zipwp-image-7646.png\",\"contentUrl\":\"https:\\\/\\\/builtboats.co.nz\\\/wp-content\\\/uploads\\\/2025\\\/01\\\/zipwp-image-7646.png\",\"width\":232,\"height\":231,\"caption\":\"Built Boats | Yacht Designers & Naval Architects\"},\"image\":{\"@id\":\"https:\\\/\\\/builtboats.co.nz\\\/#\\\/schema\\\/logo\\\/image\\\/\"},\"sameAs\":[\"https:\\\/\\\/www.facebook.com\\\/builtboats\\\/\",\"https:\\\/\\\/www.instagram.com\\\/builtboats_nz\",\"https:\\\/\\\/www.linkedin.com\\\/company\\\/built-boats\\\/?originalSubdomain=nz\"]}]}<\/script>\n<!-- \/ Yoast SEO Premium plugin. -->","yoast_head_json":{"title":"Kontakt Gebaute Boote","description":"Wenden Sie sich an Built Boats f\u00fcr ma\u00dfgeschneiderte Yachtdesigns und fachkundige Unterst\u00fctzung bei der Schiffsarchitektur. Lassen Sie uns Ihre Vision zum Leben erwecken.","robots":{"index":"index","follow":"follow","max-snippet":"max-snippet:-1","max-image-preview":"max-image-preview:large","max-video-preview":"max-video-preview:-1"},"canonical":"https:\/\/builtboats.co.nz\/de\/kontakt\/","og_locale":"de_DE","og_type":"article","og_title":"Kontakt","og_description":"Wenden Sie sich an Built Boats f\u00fcr ma\u00dfgeschneiderte Yachtdesigns und fachkundige Unterst\u00fctzung bei der Schiffsarchitektur. Lassen Sie uns Ihre Vision zum Leben erwecken.","og_url":"https:\/\/builtboats.co.nz\/de\/kontakt\/","og_site_name":"Built Boats | Boat Design","article_publisher":"https:\/\/www.facebook.com\/builtboats\/","article_modified_time":"2025-07-16T08:29:40+00:00","twitter_card":"summary_large_image","twitter_misc":{"Gesch\u00e4tzte Lesezeit":"1\u00a0Minute"},"schema":{"@context":"https:\/\/schema.org","@graph":[{"@type":"WebPage","@id":"https:\/\/builtboats.co.nz\/de\/kontakt\/","url":"https:\/\/builtboats.co.nz\/de\/kontakt\/","name":"Kontakt Gebaute Boote","isPartOf":{"@id":"https:\/\/builtboats.co.nz\/#website"},"datePublished":"2025-01-26T23:49:16+00:00","dateModified":"2025-07-16T08:29:40+00:00","description":"Wenden Sie sich an Built Boats f\u00fcr ma\u00dfgeschneiderte Yachtdesigns und fachkundige Unterst\u00fctzung bei der Schiffsarchitektur. Lassen Sie uns Ihre Vision zum Leben erwecken.","breadcrumb":{"@id":"https:\/\/builtboats.co.nz\/de\/kontakt\/#breadcrumb"},"inLanguage":"de","potentialAction":[{"@type":"ReadAction","target":["https:\/\/builtboats.co.nz\/de\/kontakt\/"]}]},{"@type":"BreadcrumbList","@id":"https:\/\/builtboats.co.nz\/de\/kontakt\/#breadcrumb","itemListElement":[{"@type":"ListItem","position":1,"name":"Home","item":"https:\/\/builtboats.co.nz\/de\/"},{"@type":"ListItem","position":2,"name":"Kontakt"}]},{"@type":"WebSite","@id":"https:\/\/builtboats.co.nz\/#website","url":"https:\/\/builtboats.co.nz\/","name":"Built Boats | Expert Boat Design & Naval Architecture","description":"Built Boats Ltd: Expert Boat Design &amp; Naval Architecture Solutions","publisher":{"@id":"https:\/\/builtboats.co.nz\/#organization"},"potentialAction":[{"@type":"SearchAction","target":{"@type":"EntryPoint","urlTemplate":"https:\/\/builtboats.co.nz\/?s={search_term_string}"},"query-input":{"@type":"PropertyValueSpecification","valueRequired":true,"valueName":"search_term_string"}}],"inLanguage":"de"},{"@type":"Organization","@id":"https:\/\/builtboats.co.nz\/#organization","name":"Built Boats | Yacht Designers & Naval Architects","url":"https:\/\/builtboats.co.nz\/","logo":{"@type":"ImageObject","inLanguage":"de","@id":"https:\/\/builtboats.co.nz\/#\/schema\/logo\/image\/","url":"https:\/\/builtboats.co.nz\/wp-content\/uploads\/2025\/01\/zipwp-image-7646.png","contentUrl":"https:\/\/builtboats.co.nz\/wp-content\/uploads\/2025\/01\/zipwp-image-7646.png","width":232,"height":231,"caption":"Built Boats | Yacht Designers & Naval Architects"},"image":{"@id":"https:\/\/builtboats.co.nz\/#\/schema\/logo\/image\/"},"sameAs":["https:\/\/www.facebook.com\/builtboats\/","https:\/\/www.instagram.com\/builtboats_nz","https:\/\/www.linkedin.com\/company\/built-boats\/?originalSubdomain=nz"]}]}},"uagb_featured_image_src":{"full":false,"thumbnail":false,"medium":false,"medium_large":false,"large":false,"1536x1536":false,"2048x2048":false,"vp_sm":false,"vp_md":false,"vp_lg":false,"vp_xl":false,"vp_sm_popup":false,"vp_md_popup":false,"vp_xl_popup":false},"uagb_author_info":{"display_name":"Built Boats","author_link":"https:\/\/builtboats.co.nz\/de\/author\/r9ixqk4xvnrd\/"},"uagb_comment_info":0,"uagb_excerpt":"Kontaktieren Sie Built Boats: Lassen Sie uns Ihr Projekt besprechen Nutzen Sie unser Know-how f\u00fcr Ihr Bootsdesign Ganz gleich, ob [&hellip;]","_links":{"self":[{"href":"https:\/\/builtboats.co.nz\/de\/wp-json\/wp\/v2\/pages\/1845","targetHints":{"allow":["GET"]}}],"collection":[{"href":"https:\/\/builtboats.co.nz\/de\/wp-json\/wp\/v2\/pages"}],"about":[{"href":"https:\/\/builtboats.co.nz\/de\/wp-json\/wp\/v2\/types\/page"}],"author":[{"embeddable":true,"href":"https:\/\/builtboats.co.nz\/de\/wp-json\/wp\/v2\/users\/4"}],"replies":[{"embeddable":true,"href":"https:\/\/builtboats.co.nz\/de\/wp-json\/wp\/v2\/comments?post=1845"}],"version-history":[{"count":0,"href":"https:\/\/builtboats.co.nz\/de\/wp-json\/wp\/v2\/pages\/1845\/revisions"}],"wp:attachment":[{"href":"https:\/\/builtboats.co.nz\/de\/wp-json\/wp\/v2\/media?parent=1845"}],"curies":[{"name":"wp","href":"https:\/\/api.w.org\/{rel}","templated":true}]}}