{"id":1848,"date":"2025-01-26T23:49:17","date_gmt":"2025-01-26T23:49:17","guid":{"rendered":"https:\/\/builtboats.co.nz\/ueber\/"},"modified":"2025-07-16T08:16:38","modified_gmt":"2025-07-16T08:16:38","slug":"ueber","status":"publish","type":"page","link":"https:\/\/builtboats.co.nz\/de\/ueber\/","title":{"rendered":"\u00dcber"},"content":{"rendered":"\n<div class=\"wp-block-uagb-container uagb-block-4902463a alignfull uagb-is-root-container\"><div class=\"uagb-container-inner-blocks-wrap\">\n<div class=\"wp-block-uagb-advanced-heading uagb-block-a651693a\"><div class=\"uagb-separator\"><\/div><h1 class=\"uagb-heading-text\">Hervorragende technische Leistungen aus einem Verm\u00e4chtnis des Designs<\/h1><\/div>\n<\/div><\/div>\n\n<div class=\"wp-block-uagb-container uagb-block-10c39542 alignfull uagb-is-root-container\"><div class=\"uagb-container-inner-blocks-wrap\">\n<div class=\"wp-block-uagb-container uagb-block-0987b86f alignfull uagb-is-root-container\"><div class=\"uagb-container-inner-blocks-wrap\">\n<div class=\"wp-block-uagb-advanced-heading uagb-block-cba4be2a\"><h2 class=\"uagb-heading-text\"><\/h2><p>Discover the Excellence of Built Boats Ltd in Marine Engineering<\/p><\/div>\n\n\n\n<div class=\"wp-block-uagb-advanced-heading uagb-block-a57423e9\"><p class=\"uagb-heading-text\">Built Boats Ltd. definiert die Leistung von Booten neu. Unsere <a href=\"https:\/\/builtboats.co.nz\/design-blog\/\">Projekte f\u00fcr<\/a> Motorboote haben in der Branche Auszeichnungen erhalten. Wir erzielen f\u00fcr jeden Kunden bemerkenswerte Ergebnisse. Bei unseren innovativen Designs stehen Sicherheit und Effizienz an erster Stelle. Das sorgt f\u00fcr Zufriedenheit bei allen Schiffsbetreibern.    <\/p><p class=\"uagb-desc-text\"><br\/>Built Boats Ltd. hat mit weltweit anerkannten Motorbootprojekten erfolgreich die Leistungsf\u00e4higkeit der Schifffahrt neu definiert und dabei bemerkenswerte Ergebnisse f\u00fcr seine Kunden erzielt. Unsere innovativen Entw\u00fcrfe stellen Sicherheit und Effizienz in den Vordergrund und sorgen daf\u00fcr, dass sowohl Freizeit- als auch kommerzielle Bootsbetreiber zufrieden sind. Bei Built Boats Ltd. entwerfen wir nicht einfach nur, sondern <strong>setzen neue Ma\u00dfst\u00e4be f\u00fcr die Leistungsf\u00e4higkeit von Booten<\/strong>, die inzwischen <strong>auf der ganzen Welt zu sehen sind<\/strong>. Dieses Fundament der Exzellenz stammt direkt aus der <strong>langj\u00e4hrigen Erfahrung des Gr\u00fcnders Matt Gibson<\/strong> in der Branche. <strong>Zahlreiche Bootsbauer auf der ganzen Welt<\/strong> vertrauen auf sein Fachwissen <strong>, darunter so gesch\u00e4tzte Namen wie die<\/strong> <strong>Yachtwerft Meyer, Vaudrey Miller Tenders und McMullen &amp; Wing<\/strong>. Au\u00dferdem hatte er das Privileg, an der Seite von weltweit f\u00fchrenden Designern wie <strong>Patrick Banfield und Philippe Starck<\/strong> an Projekten mitzuarbeiten. Diese profunde Erfahrung stellt sicher, dass jedes innovative Design, das wir entwerfen, sorgf\u00e4ltig entwickelt wird, um <strong>unersch\u00fctterliche Sicherheit, unvergleichliche Effizienz<\/strong> und ein wahrhaft \u00fcberlegenes Erlebnis f\u00fcr alle Schiffsbetreiber zu gew\u00e4hrleisten. Built Boats Ltd hat mit weltweit anerkannten Motorbootprojekten die Leistungsf\u00e4higkeit der Schifffahrt erfolgreich neu definiert und dabei bemerkenswerte Ergebnisse f\u00fcr seine Kunden erzielt. Unsere innovativen Designs stellen Sicherheit und Effizienz in den Vordergrund und sorgen f\u00fcr Zufriedenheit sowohl bei Freizeit- als auch bei kommerziellen Bootsbetreibern.        <\/p><\/div>\n<\/div><\/div>\n\n\n\n<div class=\"wp-block-uagb-image aligncenter uagb-block-a5f8f61f wp-block-uagb-image--layout-default wp-block-uagb-image--effect-static wp-block-uagb-image--align-center\"><figure class=\"wp-block-uagb-image__figure\"><img decoding=\"async\" srcset=\"https:\/\/builtboats.co.nz\/wp-content\/uploads\/2025\/01\/Built-Boats-Studio-1-1024x683.jpg ,https:\/\/builtboats.co.nz\/wp-content\/uploads\/2025\/01\/Built-Boats-Studio-1.jpg 780w, https:\/\/builtboats.co.nz\/wp-content\/uploads\/2025\/01\/Built-Boats-Studio-1.jpg 360w\" sizes=\"auto, (max-width: 480px) 150px\" src=\"https:\/\/builtboats.co.nz\/wp-content\/uploads\/2025\/01\/Built-Boats-Studio-1-1024x683.jpg\" alt=\"Studio f\u00fcr gebaute Boote\" class=\"uag-image-1202\" width=\"1200\" height=\"500\" title=\"Das Innere des Built Boats Designstudios.\" loading=\"lazy\" role=\"img\"><\/figure><\/div>\n<\/div><\/div>\n\n<div class=\"wp-block-uagb-container uagb-block-3b46b7c5 alignfull uagb-is-root-container\"><div class=\"uagb-container-inner-blocks-wrap\">\n<div class=\"wp-block-uagb-advanced-heading uagb-block-26e4386e\"><div class=\"uagb-separator\"><\/div><h2 class=\"uagb-heading-text\">Unser Auftrag<\/h2><p class=\"uagb-desc-text\">F\u00fcr uns hier bei Built Boats Ltd. ist unsere Mission sehr pers\u00f6nlich: Es geht darum, <strong>die Leistung und Effizienz von Schiffen<\/strong> grundlegend <strong>zu ver\u00e4ndern<\/strong>. Wir erreichen dies durch ein wirklich <strong>innovatives Design<\/strong>, bei dem <strong>Sicherheit, Komfort und Nachhaltigkeit<\/strong> nicht nur zus\u00e4tzliche Merkmale sind, sondern <strong>zum Wesen jedes einzelnen Schiffes geh\u00f6ren, das wir zum Leben erwecken<\/strong>. <\/p><\/div>\n\n\n\n<div class=\"wp-block-uagb-advanced-heading uagb-block-57ce3c5c\"><div class=\"uagb-separator\"><\/div><h2 class=\"uagb-heading-text\">Unsere Werte<\/h2><p class=\"uagb-desc-text\">Bei Built Boats Ltd. ruht unser Fundament auf Prinzipien, die meiner Meinung nach nicht verhandelbar sind: <strong>Innovation, Pr\u00e4zision und Zusammenarbeit<\/strong>. Das ist mehr als nur eine Liste; es ist die Art und Weise, wie wir arbeiten. Wir haben uns der Entwicklung <strong>nachhaltiger L\u00f6sungen<\/strong> verschrieben, die das Erlebnis der Schifffahrt wirklich verbessern. Entscheidend daf\u00fcr ist der Aufbau <strong>dauerhafter, vertrauensvoller Partnerschaften<\/strong> mit allen Kunden und Interessengruppen, mit denen wir zusammenarbeiten.  <\/p><\/div>\n\n\n\n<div class=\"wp-block-uagb-advanced-heading uagb-block-e454bd3d\"><div class=\"uagb-separator\"><\/div><h2 class=\"uagb-heading-text\">Unsere Vision<\/h2><p class=\"uagb-desc-text\">Unsere Vision ist klar und ehrgeizig: Wir wollen als <strong>weltweit f\u00fchrendes Unternehmen im Bereich Schiffsdesign und -technik<\/strong> anerkannt werden. Dabei geht es nicht nur darum, an der Spitze zu stehen, sondern auch darum, immer wieder <strong>neue Ma\u00dfst\u00e4be<\/strong> zu setzen &#8211; in der Leistung, in unserem Engagement f\u00fcr Nachhaltigkeit und in der Kunstfertigkeit und dem Stil unserer Kreationen. Letztendlich glaube ich, dass es in unserer Verantwortung liegt, <strong>die zuk\u00fcnftigen Generationen von Marine-Innovatoren zu inspirieren und zu formen<\/strong>.  <\/p><\/div>\n<\/div><\/div>\n\n<div class=\"wp-block-uagb-container uagb-block-2d1e4144 alignfull uagb-is-root-container\"><div class=\"uagb-container-inner-blocks-wrap\">\n<div class=\"wp-block-uagb-image uagb-block-d8782e7d wp-block-uagb-image--layout-default wp-block-uagb-image--effect-static wp-block-uagb-image--align-none\"><figure class=\"wp-block-uagb-image__figure\"><img decoding=\"async\" srcset=\"https:\/\/builtboats.co.nz\/wp-content\/uploads\/2025\/07\/Matthias-Gibson_Sketch-Render_75ft-Cruiser-Boat-Design_Rev01-1024x552.jpg ,https:\/\/builtboats.co.nz\/wp-content\/uploads\/2025\/07\/Matthias-Gibson_Sketch-Render_75ft-Cruiser-Boat-Design_Rev01.jpg 780w, https:\/\/builtboats.co.nz\/wp-content\/uploads\/2025\/07\/Matthias-Gibson_Sketch-Render_75ft-Cruiser-Boat-Design_Rev01.jpg 360w\" sizes=\"auto, (max-width: 480px) 150px\" src=\"https:\/\/builtboats.co.nz\/wp-content\/uploads\/2025\/07\/Matthias-Gibson_Sketch-Render_75ft-Cruiser-Boat-Design_Rev01-1024x552.jpg\" alt=\"Ein futuristisches wei\u00df-schwarzes Design f\u00fcr eine Luxusyacht mit schlankem Profil, gro\u00dfen dunklen Fenstern und einem markanten Aufbau, das in einer Studioumgebung gerendert wurde.\" class=\"uag-image-1548\" width=\"560\" height=\"302\" title=\"Luxusyacht Konzept Render: Modernes Bootsdesign von Matthias Gibson\" loading=\"lazy\" role=\"img\"><\/figure><\/div>\n\n\n\n<div class=\"wp-block-uagb-info-box uagb-block-c931f114 uagb-infobox__content-wrap  uagb-infobox-icon-above-title uagb-infobox-image-valign-top wp-block-uagb-info-box--has-margin\"><div class=\"uagb-infobox-margin-wrapper\"><div class=\"uagb-ifb-content\"><div class=\"uagb-ifb-title-wrap\"><div class=\"uagb-ifb-separator\"><\/div><h2 class=\"uagb-ifb-title\">Die Vision, die Built Boats Ltd. antreibt: Die Zukunft des Schiffsdesigns.<\/h2><\/div><p class=\"uagb-ifb-desc\">Die Vision von Built Boats Ltd. beruht auf einem einfachen, aber tiefgreifenden Prinzip: die <strong>sorgf\u00e4ltige Kombination von innovativem Design mit technischer Pr\u00e4zisionsarbeit<\/strong>. Dabei geht es nicht nur um den Bau von Schiffen, sondern darum, <strong>das maritime Erlebnis weltweit<\/strong> grundlegend <strong>zu ver\u00e4ndern<\/strong>, indem wir neue Ma\u00dfst\u00e4be f\u00fcr Leistung, Sicherheit und Nachhaltigkeit setzen. Das ist der Standard, <strong>f\u00fcr den ich pers\u00f6nlich<\/strong> bei jedem Projekt eintrete.  <\/p><\/div><\/div><\/div>\n<\/div><\/div>\n\n<div class=\"wp-block-uagb-container uagb-block-804a406b alignfull uagb-is-root-container\"><div class=\"uagb-container-inner-blocks-wrap\">\n<div class=\"wp-block-uagb-info-box uagb-block-fd4425a9 uagb-infobox__content-wrap  uagb-infobox-icon-above-title uagb-infobox-image-valign-top wp-block-uagb-info-box--has-margin\"><div class=\"uagb-infobox-margin-wrapper\"><div class=\"uagb-ifb-content\"><div class=\"uagb-ifb-title-wrap\"><div class=\"uagb-ifb-separator\"><\/div><h2 class=\"uagb-ifb-title\">Sind Sie bereit, Ihr Projekt zu starten?<\/h2><\/div><p class=\"uagb-ifb-desc\">Setzen Sie sich noch heute mit uns in Verbindung, um herauszufinden, wie Built Boats Ltd Ihre Vision zum Leben erwecken kann.<\/p><div class=\"uagb-ifb-button-wrapper wp-block-button\"><a href=\"https:\/\/builtboats.co.nz\/de\/kontakt\/\" class=\"uagb-infobox-cta-link wp-block-button__link\" target=\"_self\" rel=\"noopener noreferrer\" onclick=\"return true;\"><span class=\"uagb-inline-editing\">Entdecken Sie unsere Dienstleistungen<\/span><\/a><\/div><\/div><\/div><\/div>\n<\/div><\/div>\n","protected":false},"excerpt":{"rendered":"<p>Hervorragende technische Leistungen aus einem Verm\u00e4chtnis des Designs Discover the Excellence of Built Boats Ltd in Marine Engineering Built Boats [&hellip;]<\/p>\n","protected":false},"author":4,"featured_media":0,"parent":0,"menu_order":0,"comment_status":"closed","ping_status":"closed","template":"","meta":{"content-type":"","_uag_custom_page_level_css":"","site-sidebar-layout":"default","site-content-layout":"","ast-site-content-layout":"default","site-content-style":"default","site-sidebar-style":"default","ast-global-header-display":"","ast-banner-title-visibility":"","ast-main-header-display":"","ast-hfb-above-header-display":"","ast-hfb-below-header-display":"","ast-hfb-mobile-header-display":"","site-post-title":"disabled","ast-breadcrumbs-content":"","ast-featured-img":"","footer-sml-layout":"","ast-disable-related-posts":"","theme-transparent-header-meta":"","adv-header-id-meta":"","stick-header-meta":"","header-above-stick-meta":"","header-main-stick-meta":"","header-below-stick-meta":"","astra-migrate-meta-layouts":"default","ast-page-background-enabled":"default","ast-page-background-meta":{"desktop":{"background-color":"var(--ast-global-color-4)","background-image":"","background-repeat":"repeat","background-position":"center center","background-size":"auto","background-attachment":"scroll","background-type":"","background-media":"","overlay-type":"","overlay-color":"","overlay-opacity":"","overlay-gradient":""},"tablet":{"background-color":"","background-image":"","background-repeat":"repeat","background-position":"center center","background-size":"auto","background-attachment":"scroll","background-type":"","background-media":"","overlay-type":"","overlay-color":"","overlay-opacity":"","overlay-gradient":""},"mobile":{"background-color":"","background-image":"","background-repeat":"repeat","background-position":"center center","background-size":"auto","background-attachment":"scroll","background-type":"","background-media":"","overlay-type":"","overlay-color":"","overlay-opacity":"","overlay-gradient":""}},"ast-content-background-meta":{"desktop":{"background-color":"var(--ast-global-color-5)","background-image":"","background-repeat":"repeat","background-position":"center center","background-size":"auto","background-attachment":"scroll","background-type":"","background-media":"","overlay-type":"","overlay-color":"","overlay-opacity":"","overlay-gradient":""},"tablet":{"background-color":"var(--ast-global-color-5)","background-image":"","background-repeat":"repeat","background-position":"center center","background-size":"auto","background-attachment":"scroll","background-type":"","background-media":"","overlay-type":"","overlay-color":"","overlay-opacity":"","overlay-gradient":""},"mobile":{"background-color":"var(--ast-global-color-5)","background-image":"","background-repeat":"repeat","background-position":"center center","background-size":"auto","background-attachment":"scroll","background-type":"","background-media":"","overlay-type":"","overlay-color":"","overlay-opacity":"","overlay-gradient":""}},"_vp_format_video_url":"","_vp_image_focal_point":[],"_vp_custom_popup_image":0,"_vp_format_audio_url":"","_vp_custom_thumbnail":0,"_vp_custom_thumbnail_focal_point":[],"_vp_hover_thumbnail":0,"_vp_hover_thumbnail_focal_point":[],"footnotes":""},"class_list":["post-1848","page","type-page","status-publish","hentry"],"yoast_head":"<!-- This site is optimized with the Yoast SEO Premium plugin v25.5 (Yoast SEO v27.5) - https:\/\/yoast.com\/product\/yoast-seo-premium-wordpress\/ -->\n<title>Design-Innovationen in der Schiffsarchitektur heute<\/title>\n<meta name=\"description\" content=\"Entdecken Sie innovatives Design in der Schiffsbaukunst mit Built Boats Ltd. Entdecken Sie leistungsstarke L\u00f6sungen f\u00fcr Motorboote und Schiffe.\" \/>\n<meta name=\"robots\" content=\"index, follow, max-snippet:-1, max-image-preview:large, max-video-preview:-1\" \/>\n<link rel=\"canonical\" href=\"https:\/\/builtboats.co.nz\/de\/?page_id=1848\" \/>\n<meta property=\"og:locale\" content=\"de_DE\" \/>\n<meta property=\"og:type\" content=\"article\" \/>\n<meta property=\"og:title\" content=\"\u00dcber\" \/>\n<meta property=\"og:description\" content=\"Entdecken Sie innovatives Design in der Schiffsbaukunst mit Built Boats Ltd. Entdecken Sie leistungsstarke L\u00f6sungen f\u00fcr Motorboote und Schiffe.\" \/>\n<meta property=\"og:url\" content=\"https:\/\/builtboats.co.nz\/de\/?page_id=1848\" \/>\n<meta property=\"og:site_name\" content=\"Built Boats | Boat Design\" \/>\n<meta property=\"article:publisher\" content=\"https:\/\/www.facebook.com\/builtboats\/\" \/>\n<meta property=\"article:modified_time\" content=\"2025-07-16T08:16:38+00:00\" \/>\n<meta property=\"og:image\" content=\"https:\/\/builtboats.co.nz\/wp-content\/uploads\/2025\/01\/Built-Boats-Studio-1-1024x683.jpg\" \/>\n<meta name=\"twitter:card\" content=\"summary_large_image\" \/>\n<meta name=\"twitter:label1\" content=\"Gesch\u00e4tzte Lesezeit\" \/>\n\t<meta name=\"twitter:data1\" content=\"3\u00a0Minuten\" \/>\n<script type=\"application\/ld+json\" class=\"yoast-schema-graph\">{\"@context\":\"https:\\\/\\\/schema.org\",\"@graph\":[{\"@type\":\"WebPage\",\"@id\":\"https:\\\/\\\/builtboats.co.nz\\\/de\\\/?page_id=1848\",\"url\":\"https:\\\/\\\/builtboats.co.nz\\\/de\\\/?page_id=1848\",\"name\":\"Design-Innovationen in der Schiffsarchitektur heute\",\"isPartOf\":{\"@id\":\"https:\\\/\\\/builtboats.co.nz\\\/#website\"},\"primaryImageOfPage\":{\"@id\":\"https:\\\/\\\/builtboats.co.nz\\\/de\\\/?page_id=1848#primaryimage\"},\"image\":{\"@id\":\"https:\\\/\\\/builtboats.co.nz\\\/de\\\/?page_id=1848#primaryimage\"},\"thumbnailUrl\":\"https:\\\/\\\/builtboats.co.nz\\\/wp-content\\\/uploads\\\/2025\\\/01\\\/Built-Boats-Studio-1-1024x683.jpg\",\"datePublished\":\"2025-01-26T23:49:17+00:00\",\"dateModified\":\"2025-07-16T08:16:38+00:00\",\"description\":\"Entdecken Sie innovatives Design in der Schiffsbaukunst mit Built Boats Ltd. Entdecken Sie leistungsstarke L\u00f6sungen f\u00fcr Motorboote und Schiffe.\",\"breadcrumb\":{\"@id\":\"https:\\\/\\\/builtboats.co.nz\\\/de\\\/?page_id=1848#breadcrumb\"},\"inLanguage\":\"de\",\"potentialAction\":[{\"@type\":\"ReadAction\",\"target\":[\"https:\\\/\\\/builtboats.co.nz\\\/de\\\/?page_id=1848\"]}]},{\"@type\":\"ImageObject\",\"inLanguage\":\"de\",\"@id\":\"https:\\\/\\\/builtboats.co.nz\\\/de\\\/?page_id=1848#primaryimage\",\"url\":\"https:\\\/\\\/builtboats.co.nz\\\/wp-content\\\/uploads\\\/2025\\\/01\\\/Built-Boats-Studio-1-1024x683.jpg\",\"contentUrl\":\"https:\\\/\\\/builtboats.co.nz\\\/wp-content\\\/uploads\\\/2025\\\/01\\\/Built-Boats-Studio-1-1024x683.jpg\"},{\"@type\":\"BreadcrumbList\",\"@id\":\"https:\\\/\\\/builtboats.co.nz\\\/de\\\/?page_id=1848#breadcrumb\",\"itemListElement\":[{\"@type\":\"ListItem\",\"position\":1,\"name\":\"Home\",\"item\":\"https:\\\/\\\/builtboats.co.nz\\\/de\\\/\"},{\"@type\":\"ListItem\",\"position\":2,\"name\":\"\u00dcber\"}]},{\"@type\":\"WebSite\",\"@id\":\"https:\\\/\\\/builtboats.co.nz\\\/#website\",\"url\":\"https:\\\/\\\/builtboats.co.nz\\\/\",\"name\":\"Built Boats | Expert Boat Design & Naval Architecture\",\"description\":\"Built Boats Ltd: Expert Boat Design &amp; Naval Architecture Solutions\",\"publisher\":{\"@id\":\"https:\\\/\\\/builtboats.co.nz\\\/#organization\"},\"potentialAction\":[{\"@type\":\"SearchAction\",\"target\":{\"@type\":\"EntryPoint\",\"urlTemplate\":\"https:\\\/\\\/builtboats.co.nz\\\/?s={search_term_string}\"},\"query-input\":{\"@type\":\"PropertyValueSpecification\",\"valueRequired\":true,\"valueName\":\"search_term_string\"}}],\"inLanguage\":\"de\"},{\"@type\":\"Organization\",\"@id\":\"https:\\\/\\\/builtboats.co.nz\\\/#organization\",\"name\":\"Built Boats | Yacht Designers & Naval Architects\",\"url\":\"https:\\\/\\\/builtboats.co.nz\\\/\",\"logo\":{\"@type\":\"ImageObject\",\"inLanguage\":\"de\",\"@id\":\"https:\\\/\\\/builtboats.co.nz\\\/#\\\/schema\\\/logo\\\/image\\\/\",\"url\":\"https:\\\/\\\/builtboats.co.nz\\\/wp-content\\\/uploads\\\/2025\\\/01\\\/zipwp-image-7646.png\",\"contentUrl\":\"https:\\\/\\\/builtboats.co.nz\\\/wp-content\\\/uploads\\\/2025\\\/01\\\/zipwp-image-7646.png\",\"width\":232,\"height\":231,\"caption\":\"Built Boats | Yacht Designers & Naval Architects\"},\"image\":{\"@id\":\"https:\\\/\\\/builtboats.co.nz\\\/#\\\/schema\\\/logo\\\/image\\\/\"},\"sameAs\":[\"https:\\\/\\\/www.facebook.com\\\/builtboats\\\/\",\"https:\\\/\\\/www.instagram.com\\\/builtboats_nz\",\"https:\\\/\\\/www.linkedin.com\\\/company\\\/built-boats\\\/?originalSubdomain=nz\"]}]}<\/script>\n<!-- \/ Yoast SEO Premium plugin. -->","yoast_head_json":{"title":"Design-Innovationen in der Schiffsarchitektur heute","description":"Entdecken Sie innovatives Design in der Schiffsbaukunst mit Built Boats Ltd. Entdecken Sie leistungsstarke L\u00f6sungen f\u00fcr Motorboote und Schiffe.","robots":{"index":"index","follow":"follow","max-snippet":"max-snippet:-1","max-image-preview":"max-image-preview:large","max-video-preview":"max-video-preview:-1"},"canonical":"https:\/\/builtboats.co.nz\/de\/?page_id=1848","og_locale":"de_DE","og_type":"article","og_title":"\u00dcber","og_description":"Entdecken Sie innovatives Design in der Schiffsbaukunst mit Built Boats Ltd. Entdecken Sie leistungsstarke L\u00f6sungen f\u00fcr Motorboote und Schiffe.","og_url":"https:\/\/builtboats.co.nz\/de\/?page_id=1848","og_site_name":"Built Boats | Boat Design","article_publisher":"https:\/\/www.facebook.com\/builtboats\/","article_modified_time":"2025-07-16T08:16:38+00:00","og_image":[{"url":"https:\/\/builtboats.co.nz\/wp-content\/uploads\/2025\/01\/Built-Boats-Studio-1-1024x683.jpg","type":"","width":"","height":""}],"twitter_card":"summary_large_image","twitter_misc":{"Gesch\u00e4tzte Lesezeit":"3\u00a0Minuten"},"schema":{"@context":"https:\/\/schema.org","@graph":[{"@type":"WebPage","@id":"https:\/\/builtboats.co.nz\/de\/?page_id=1848","url":"https:\/\/builtboats.co.nz\/de\/?page_id=1848","name":"Design-Innovationen in der Schiffsarchitektur heute","isPartOf":{"@id":"https:\/\/builtboats.co.nz\/#website"},"primaryImageOfPage":{"@id":"https:\/\/builtboats.co.nz\/de\/?page_id=1848#primaryimage"},"image":{"@id":"https:\/\/builtboats.co.nz\/de\/?page_id=1848#primaryimage"},"thumbnailUrl":"https:\/\/builtboats.co.nz\/wp-content\/uploads\/2025\/01\/Built-Boats-Studio-1-1024x683.jpg","datePublished":"2025-01-26T23:49:17+00:00","dateModified":"2025-07-16T08:16:38+00:00","description":"Entdecken Sie innovatives Design in der Schiffsbaukunst mit Built Boats Ltd. Entdecken Sie leistungsstarke L\u00f6sungen f\u00fcr Motorboote und Schiffe.","breadcrumb":{"@id":"https:\/\/builtboats.co.nz\/de\/?page_id=1848#breadcrumb"},"inLanguage":"de","potentialAction":[{"@type":"ReadAction","target":["https:\/\/builtboats.co.nz\/de\/?page_id=1848"]}]},{"@type":"ImageObject","inLanguage":"de","@id":"https:\/\/builtboats.co.nz\/de\/?page_id=1848#primaryimage","url":"https:\/\/builtboats.co.nz\/wp-content\/uploads\/2025\/01\/Built-Boats-Studio-1-1024x683.jpg","contentUrl":"https:\/\/builtboats.co.nz\/wp-content\/uploads\/2025\/01\/Built-Boats-Studio-1-1024x683.jpg"},{"@type":"BreadcrumbList","@id":"https:\/\/builtboats.co.nz\/de\/?page_id=1848#breadcrumb","itemListElement":[{"@type":"ListItem","position":1,"name":"Home","item":"https:\/\/builtboats.co.nz\/de\/"},{"@type":"ListItem","position":2,"name":"\u00dcber"}]},{"@type":"WebSite","@id":"https:\/\/builtboats.co.nz\/#website","url":"https:\/\/builtboats.co.nz\/","name":"Built Boats | Expert Boat Design & Naval Architecture","description":"Built Boats Ltd: Expert Boat Design &amp; Naval Architecture Solutions","publisher":{"@id":"https:\/\/builtboats.co.nz\/#organization"},"potentialAction":[{"@type":"SearchAction","target":{"@type":"EntryPoint","urlTemplate":"https:\/\/builtboats.co.nz\/?s={search_term_string}"},"query-input":{"@type":"PropertyValueSpecification","valueRequired":true,"valueName":"search_term_string"}}],"inLanguage":"de"},{"@type":"Organization","@id":"https:\/\/builtboats.co.nz\/#organization","name":"Built Boats | Yacht Designers & Naval Architects","url":"https:\/\/builtboats.co.nz\/","logo":{"@type":"ImageObject","inLanguage":"de","@id":"https:\/\/builtboats.co.nz\/#\/schema\/logo\/image\/","url":"https:\/\/builtboats.co.nz\/wp-content\/uploads\/2025\/01\/zipwp-image-7646.png","contentUrl":"https:\/\/builtboats.co.nz\/wp-content\/uploads\/2025\/01\/zipwp-image-7646.png","width":232,"height":231,"caption":"Built Boats | Yacht Designers & Naval Architects"},"image":{"@id":"https:\/\/builtboats.co.nz\/#\/schema\/logo\/image\/"},"sameAs":["https:\/\/www.facebook.com\/builtboats\/","https:\/\/www.instagram.com\/builtboats_nz","https:\/\/www.linkedin.com\/company\/built-boats\/?originalSubdomain=nz"]}]}},"uagb_featured_image_src":{"full":false,"thumbnail":false,"medium":false,"medium_large":false,"large":false,"1536x1536":false,"2048x2048":false,"vp_sm":false,"vp_md":false,"vp_lg":false,"vp_xl":false,"vp_sm_popup":false,"vp_md_popup":false,"vp_xl_popup":false},"uagb_author_info":{"display_name":"Built Boats","author_link":"https:\/\/builtboats.co.nz\/de\/author\/r9ixqk4xvnrd\/"},"uagb_comment_info":0,"uagb_excerpt":"Hervorragende technische Leistungen aus einem Verm\u00e4chtnis des Designs Discover the Excellence of Built Boats Ltd in Marine Engineering Built Boats [&hellip;]","_links":{"self":[{"href":"https:\/\/builtboats.co.nz\/de\/wp-json\/wp\/v2\/pages\/1848","targetHints":{"allow":["GET"]}}],"collection":[{"href":"https:\/\/builtboats.co.nz\/de\/wp-json\/wp\/v2\/pages"}],"about":[{"href":"https:\/\/builtboats.co.nz\/de\/wp-json\/wp\/v2\/types\/page"}],"author":[{"embeddable":true,"href":"https:\/\/builtboats.co.nz\/de\/wp-json\/wp\/v2\/users\/4"}],"replies":[{"embeddable":true,"href":"https:\/\/builtboats.co.nz\/de\/wp-json\/wp\/v2\/comments?post=1848"}],"version-history":[{"count":0,"href":"https:\/\/builtboats.co.nz\/de\/wp-json\/wp\/v2\/pages\/1848\/revisions"}],"wp:attachment":[{"href":"https:\/\/builtboats.co.nz\/de\/wp-json\/wp\/v2\/media?parent=1848"}],"curies":[{"name":"wp","href":"https:\/\/api.w.org\/{rel}","templated":true}]}}