{"id":1897,"date":"2025-01-26T23:49:17","date_gmt":"2025-01-26T23:49:17","guid":{"rendered":"https:\/\/builtboats.co.nz\/a-propos-de\/"},"modified":"2025-07-16T09:54:27","modified_gmt":"2025-07-16T09:54:27","slug":"a-propos-de","status":"publish","type":"page","link":"https:\/\/builtboats.co.nz\/fr\/a-propos-de\/","title":{"rendered":"A propos de"},"content":{"rendered":"\n<div class=\"wp-block-uagb-container uagb-block-4902463a alignfull uagb-is-root-container\"><div class=\"uagb-container-inner-blocks-wrap\">\n<div class=\"wp-block-uagb-advanced-heading uagb-block-a651693a\"><div class=\"uagb-separator\"><\/div><h1 class=\"uagb-heading-text\">L&rsquo;excellence en mati\u00e8re d&rsquo;ing\u00e9nierie issue d&rsquo;un h\u00e9ritage de conception<\/h1><\/div>\n<\/div><\/div>\n\n<div class=\"wp-block-uagb-container uagb-block-10c39542 alignfull uagb-is-root-container\"><div class=\"uagb-container-inner-blocks-wrap\">\n<div class=\"wp-block-uagb-container uagb-block-0987b86f alignfull uagb-is-root-container\"><div class=\"uagb-container-inner-blocks-wrap\">\n<div class=\"wp-block-uagb-advanced-heading uagb-block-cba4be2a\"><h2 class=\"uagb-heading-text\"><\/h2><p>Discover the Excellence of Built Boats Ltd in Marine Engineering<\/p><\/div>\n\n\n\n<div class=\"wp-block-uagb-advanced-heading uagb-block-a57423e9\"><p class=\"uagb-heading-text\">Built Boats Ltd red\u00e9finit les performances marines. Nos <a href=\"https:\/\/builtboats.co.nz\/design-blog\/\">projets de<\/a> bateaux \u00e0 moteur ont \u00e9t\u00e9 salu\u00e9s par l&rsquo;industrie. Nous obtenons des r\u00e9sultats remarquables pour chaque client. Nos conceptions innovantes donnent la priorit\u00e9 \u00e0 la s\u00e9curit\u00e9 et \u00e0 l&rsquo;efficacit\u00e9. Cela garantit la satisfaction de tous les op\u00e9rateurs maritimes.    <\/p><p class=\"uagb-desc-text\"><br\/>Built Boats Ltd a red\u00e9fini avec succ\u00e8s les performances marines gr\u00e2ce \u00e0 des projets de bateaux \u00e0 moteur mondialement reconnus, obtenant des r\u00e9sultats remarquables pour ses clients. Nos conceptions innovantes donnent la priorit\u00e9 \u00e0 la s\u00e9curit\u00e9 et \u00e0 l&rsquo;efficacit\u00e9, garantissant la satisfaction des op\u00e9rateurs de bateaux de plaisance et de bateaux commerciaux. Chez Built Boats Ltd, nous ne nous contentons pas de concevoir ; nous <strong>\u00e9laborons une nouvelle norme en mati\u00e8re de performances marines<\/strong>, et nos cr\u00e9ations sont aujourd&rsquo;hui <strong>visibles dans le monde entier<\/strong>. Ce fondement de l&rsquo;excellence d\u00e9coule directement de la <strong>longue exp\u00e9rience du fondateur Matt Gibson<\/strong> dans l&rsquo;industrie. Son expertise a \u00e9t\u00e9 reconnue par <strong>divers constructeurs de bateaux dans le monde entier, y compris des noms estim\u00e9s tels que<\/strong> <strong>Yachtwerft Meyer, Vaudrey Miller Tenders et McMullen &amp; Wing<\/strong>. En outre, il a eu l&rsquo;insigne privil\u00e8ge de contribuer \u00e0 des projets aux c\u00f4t\u00e9s de designers de renomm\u00e9e mondiale tels que <strong>Patrick Banfield et Philippe Starck<\/strong>. Cette exp\u00e9rience approfondie garantit que chaque conception innovante que nous cr\u00e9ons est m\u00e9ticuleusement d\u00e9velopp\u00e9e pour donner la priorit\u00e9 \u00e0 une <strong>s\u00e9curit\u00e9 in\u00e9branlable, \u00e0 une efficacit\u00e9 in\u00e9gal\u00e9e<\/strong> et \u00e0 une exp\u00e9rience vraiment sup\u00e9rieure pour tous les op\u00e9rateurs maritimes. Built Boats Ltd a red\u00e9fini avec succ\u00e8s les performances marines gr\u00e2ce \u00e0 des projets de bateaux \u00e0 moteur mondialement reconnus, obtenant des r\u00e9sultats remarquables pour ses clients. Nos conceptions innovantes donnent la priorit\u00e9 \u00e0 la s\u00e9curit\u00e9 et \u00e0 l&rsquo;efficacit\u00e9, garantissant la satisfaction des op\u00e9rateurs de bateaux de plaisance et de bateaux commerciaux.        <\/p><\/div>\n<\/div><\/div>\n\n\n\n<div class=\"wp-block-uagb-image aligncenter uagb-block-a5f8f61f wp-block-uagb-image--layout-default wp-block-uagb-image--effect-static wp-block-uagb-image--align-center\"><figure class=\"wp-block-uagb-image__figure\"><img decoding=\"async\" srcset=\"https:\/\/builtboats.co.nz\/wp-content\/uploads\/2025\/01\/Built-Boats-Studio-1-1024x683.jpg ,https:\/\/builtboats.co.nz\/wp-content\/uploads\/2025\/01\/Built-Boats-Studio-1.jpg 780w, https:\/\/builtboats.co.nz\/wp-content\/uploads\/2025\/01\/Built-Boats-Studio-1.jpg 360w\" sizes=\"auto, (max-width: 480px) 150px\" src=\"https:\/\/builtboats.co.nz\/wp-content\/uploads\/2025\/01\/Built-Boats-Studio-1-1024x683.jpg\" alt=\"Studio Bateaux Construits\" class=\"uag-image-1202\" width=\"1200\" height=\"500\" title=\"Int\u00e9rieur du studio de design Built Boats.\" loading=\"lazy\" role=\"img\"><\/figure><\/div>\n<\/div><\/div>\n\n<div class=\"wp-block-uagb-container uagb-block-3b46b7c5 alignfull uagb-is-root-container\"><div class=\"uagb-container-inner-blocks-wrap\">\n<div class=\"wp-block-uagb-advanced-heading uagb-block-26e4386e\"><div class=\"uagb-separator\"><\/div><h2 class=\"uagb-heading-text\">Notre mission<\/h2><p class=\"uagb-desc-text\">Chez Built Boats Ltd, notre mission est profond\u00e9ment personnelle : il s&rsquo;agit de <strong>transformer<\/strong> fondamentalement <strong>les performances et l&rsquo;efficacit\u00e9 des navires<\/strong>. Nous y parvenons gr\u00e2ce \u00e0 une <strong>conception<\/strong> v\u00e9ritablement <strong>innovante<\/strong>, o\u00f9 <strong>la s\u00e9curit\u00e9, le confort et la durabilit\u00e9<\/strong> ne sont pas simplement des caract\u00e9ristiques que nous ajoutons, mais <strong>font partie int\u00e9grante de l&rsquo;essence m\u00eame de chaque navire que nous cr\u00e9ons<\/strong>. <\/p><\/div>\n\n\n\n<div class=\"wp-block-uagb-advanced-heading uagb-block-57ce3c5c\"><div class=\"uagb-separator\"><\/div><h2 class=\"uagb-heading-text\">Nos valeurs<\/h2><p class=\"uagb-desc-text\">Chez Built Boats Ltd, nos fondations reposent sur ce que je consid\u00e8re comme des principes non n\u00e9gociables : <strong>Innovation, Pr\u00e9cision et Collaboration<\/strong>. C&rsquo;est plus qu&rsquo;une simple liste, c&rsquo;est notre fa\u00e7on de fonctionner. Nous nous consacrons v\u00e9ritablement \u00e0 l&rsquo;\u00e9laboration de <strong>solutions durables<\/strong> qui am\u00e9liorent r\u00e9ellement l&rsquo;exp\u00e9rience maritime, et pour ce faire, il est essentiel d&rsquo;\u00e9tablir des <strong>partenariats durables et de confiance<\/strong> avec chaque client et chaque partie prenante avec lesquels nous travaillons.  <\/p><\/div>\n\n\n\n<div class=\"wp-block-uagb-advanced-heading uagb-block-e454bd3d\"><div class=\"uagb-separator\"><\/div><h2 class=\"uagb-heading-text\">Notre vision<\/h2><p class=\"uagb-desc-text\">Notre vision est claire et ambitieuse : \u00eatre reconnu comme le <strong>leader mondial de la conception et de l&rsquo;ing\u00e9nierie marine<\/strong>. Il ne s&rsquo;agit pas seulement d&rsquo;\u00eatre au sommet ; il s&rsquo;agit d&rsquo;<strong>\u00e9tablir<\/strong> constamment <strong>de nouvelles r\u00e9f\u00e9rences<\/strong> &#8211; en termes de performance, d&rsquo;engagement en faveur de la durabilit\u00e9, et de style et d&rsquo;art purs de nos cr\u00e9ations. En fin de compte, je crois qu&rsquo;il est de notre responsabilit\u00e9 d&rsquo;<strong>inspirer et de fa\u00e7onner les futures g\u00e9n\u00e9rations d&rsquo;innovateurs marins<\/strong>.  <\/p><\/div>\n<\/div><\/div>\n\n<div class=\"wp-block-uagb-container uagb-block-2d1e4144 alignfull uagb-is-root-container\"><div class=\"uagb-container-inner-blocks-wrap\">\n<div class=\"wp-block-uagb-image uagb-block-d8782e7d wp-block-uagb-image--layout-default wp-block-uagb-image--effect-static wp-block-uagb-image--align-none\"><figure class=\"wp-block-uagb-image__figure\"><img decoding=\"async\" srcset=\"https:\/\/builtboats.co.nz\/wp-content\/uploads\/2025\/07\/Matthias-Gibson_Sketch-Render_75ft-Cruiser-Boat-Design_Rev01-1024x552.jpg ,https:\/\/builtboats.co.nz\/wp-content\/uploads\/2025\/07\/Matthias-Gibson_Sketch-Render_75ft-Cruiser-Boat-Design_Rev01.jpg 780w, https:\/\/builtboats.co.nz\/wp-content\/uploads\/2025\/07\/Matthias-Gibson_Sketch-Render_75ft-Cruiser-Boat-Design_Rev01.jpg 360w\" sizes=\"auto, (max-width: 480px) 150px\" src=\"https:\/\/builtboats.co.nz\/wp-content\/uploads\/2025\/07\/Matthias-Gibson_Sketch-Render_75ft-Cruiser-Boat-Design_Rev01-1024x552.jpg\" alt=\"Un yacht de luxe futuriste, blanc et noir, avec un profil \u00e9l\u00e9gant, de grandes fen\u00eatres sombres et une superstructure distinctive, r\u00e9alis\u00e9 en studio.\" class=\"uag-image-1548\" width=\"560\" height=\"302\" title=\"Render d'un concept de yacht de luxe : Bateau moderne con\u00e7u par Matthias Gibson\" loading=\"lazy\" role=\"img\"><\/figure><\/div>\n\n\n\n<div class=\"wp-block-uagb-info-box uagb-block-c931f114 uagb-infobox__content-wrap  uagb-infobox-icon-above-title uagb-infobox-image-valign-top wp-block-uagb-info-box--has-margin\"><div class=\"uagb-infobox-margin-wrapper\"><div class=\"uagb-ifb-content\"><div class=\"uagb-ifb-title-wrap\"><div class=\"uagb-ifb-separator\"><\/div><h2 class=\"uagb-ifb-title\">The Vision Driving Built Boats Ltd : Engineering the Future of Marine Design (La vision qui anime Built Boats Ltd : l&rsquo;ing\u00e9nierie de l&rsquo;avenir de la conception marine).<\/h2><\/div><p class=\"uagb-ifb-desc\">Chez Built Boats Ltd, notre vision repose sur un principe simple, mais profond : <strong>combiner m\u00e9ticuleusement une conception innovante et un savoir-faire de pr\u00e9cision de niveau technique<\/strong>. Il ne s&rsquo;agit pas seulement de cr\u00e9er des navires ; il s&rsquo;agit de <strong>transformer<\/strong> fondamentalement <strong>les exp\u00e9riences maritimes dans le monde entier<\/strong> en \u00e9tablissant de nouvelles r\u00e9f\u00e9rences en mati\u00e8re de performance, de s\u00e9curit\u00e9 et de durabilit\u00e9. C&rsquo;est la norme que <strong>je d\u00e9fends personnellement pour<\/strong> chaque projet.  <\/p><\/div><\/div><\/div>\n<\/div><\/div>\n\n<div class=\"wp-block-uagb-container uagb-block-804a406b alignfull uagb-is-root-container\"><div class=\"uagb-container-inner-blocks-wrap\">\n<div class=\"wp-block-uagb-info-box uagb-block-fd4425a9 uagb-infobox__content-wrap  uagb-infobox-icon-above-title uagb-infobox-image-valign-top wp-block-uagb-info-box--has-margin\"><div class=\"uagb-infobox-margin-wrapper\"><div class=\"uagb-ifb-content\"><div class=\"uagb-ifb-title-wrap\"><div class=\"uagb-ifb-separator\"><\/div><h2 class=\"uagb-ifb-title\">Pr\u00eat \u00e0 d\u00e9marrer votre projet ?<\/h2><\/div><p class=\"uagb-ifb-desc\">Contactez-nous d\u00e8s aujourd&rsquo;hui pour d\u00e9couvrir comment Built Boats Ltd peut donner vie \u00e0 votre vision.<\/p><div class=\"uagb-ifb-button-wrapper wp-block-button\"><a href=\"https:\/\/builtboats.co.nz\/fr\/?page_id=1910\" class=\"uagb-infobox-cta-link wp-block-button__link\" target=\"_self\" rel=\"noopener noreferrer\" onclick=\"return true;\"><span class=\"uagb-inline-editing\">D\u00e9couvrez nos services<\/span><\/a><\/div><\/div><\/div><\/div>\n<\/div><\/div>\n","protected":false},"excerpt":{"rendered":"<p>L&rsquo;excellence en mati\u00e8re d&rsquo;ing\u00e9nierie issue d&rsquo;un h\u00e9ritage de conception Discover the Excellence of Built Boats Ltd in Marine Engineering Built [&hellip;]<\/p>\n","protected":false},"author":4,"featured_media":0,"parent":0,"menu_order":0,"comment_status":"closed","ping_status":"closed","template":"","meta":{"content-type":"","_uag_custom_page_level_css":"","site-sidebar-layout":"default","site-content-layout":"","ast-site-content-layout":"default","site-content-style":"default","site-sidebar-style":"default","ast-global-header-display":"","ast-banner-title-visibility":"","ast-main-header-display":"","ast-hfb-above-header-display":"","ast-hfb-below-header-display":"","ast-hfb-mobile-header-display":"","site-post-title":"disabled","ast-breadcrumbs-content":"","ast-featured-img":"","footer-sml-layout":"","ast-disable-related-posts":"","theme-transparent-header-meta":"","adv-header-id-meta":"","stick-header-meta":"","header-above-stick-meta":"","header-main-stick-meta":"","header-below-stick-meta":"","astra-migrate-meta-layouts":"default","ast-page-background-enabled":"default","ast-page-background-meta":{"desktop":{"background-color":"var(--ast-global-color-4)","background-image":"","background-repeat":"repeat","background-position":"center center","background-size":"auto","background-attachment":"scroll","background-type":"","background-media":"","overlay-type":"","overlay-color":"","overlay-opacity":"","overlay-gradient":""},"tablet":{"background-color":"","background-image":"","background-repeat":"repeat","background-position":"center center","background-size":"auto","background-attachment":"scroll","background-type":"","background-media":"","overlay-type":"","overlay-color":"","overlay-opacity":"","overlay-gradient":""},"mobile":{"background-color":"","background-image":"","background-repeat":"repeat","background-position":"center center","background-size":"auto","background-attachment":"scroll","background-type":"","background-media":"","overlay-type":"","overlay-color":"","overlay-opacity":"","overlay-gradient":""}},"ast-content-background-meta":{"desktop":{"background-color":"var(--ast-global-color-5)","background-image":"","background-repeat":"repeat","background-position":"center center","background-size":"auto","background-attachment":"scroll","background-type":"","background-media":"","overlay-type":"","overlay-color":"","overlay-opacity":"","overlay-gradient":""},"tablet":{"background-color":"var(--ast-global-color-5)","background-image":"","background-repeat":"repeat","background-position":"center center","background-size":"auto","background-attachment":"scroll","background-type":"","background-media":"","overlay-type":"","overlay-color":"","overlay-opacity":"","overlay-gradient":""},"mobile":{"background-color":"var(--ast-global-color-5)","background-image":"","background-repeat":"repeat","background-position":"center center","background-size":"auto","background-attachment":"scroll","background-type":"","background-media":"","overlay-type":"","overlay-color":"","overlay-opacity":"","overlay-gradient":""}},"_vp_format_video_url":"","_vp_image_focal_point":[],"_vp_custom_popup_image":0,"_vp_format_audio_url":"","_vp_custom_thumbnail":0,"_vp_custom_thumbnail_focal_point":[],"_vp_hover_thumbnail":0,"_vp_hover_thumbnail_focal_point":[],"footnotes":""},"class_list":["post-1897","page","type-page","status-publish","hentry"],"yoast_head":"<!-- This site is optimized with the Yoast SEO Premium plugin v25.5 (Yoast SEO v27.5) - https:\/\/yoast.com\/product\/yoast-seo-premium-wordpress\/ -->\n<title>Innovations en mati\u00e8re de conception dans l&#039;architecture marine d&#039;aujourd&#039;hui<\/title>\n<meta name=\"description\" content=\"Explorez la conception innovante de l&#039;architecture navale avec Built Boats Ltd. D\u00e9couvrez des solutions performantes pour les bateaux \u00e0 moteur et les navires.\" \/>\n<meta name=\"robots\" content=\"index, follow, max-snippet:-1, max-image-preview:large, max-video-preview:-1\" \/>\n<link rel=\"canonical\" href=\"https:\/\/builtboats.co.nz\/fr\/?page_id=1897\" \/>\n<meta property=\"og:locale\" content=\"fr_FR\" \/>\n<meta property=\"og:type\" content=\"article\" \/>\n<meta property=\"og:title\" content=\"A propos de\" \/>\n<meta property=\"og:description\" content=\"Explorez la conception innovante de l&#039;architecture navale avec Built Boats Ltd. D\u00e9couvrez des solutions performantes pour les bateaux \u00e0 moteur et les navires.\" \/>\n<meta property=\"og:url\" content=\"https:\/\/builtboats.co.nz\/fr\/?page_id=1897\" \/>\n<meta property=\"og:site_name\" content=\"Built Boats | Boat Design\" \/>\n<meta property=\"article:publisher\" content=\"https:\/\/www.facebook.com\/builtboats\/\" \/>\n<meta property=\"article:modified_time\" content=\"2025-07-16T09:54:27+00:00\" \/>\n<meta property=\"og:image\" content=\"https:\/\/builtboats.co.nz\/wp-content\/uploads\/2025\/01\/Built-Boats-Studio-1-1024x683.jpg\" \/>\n<meta name=\"twitter:card\" content=\"summary_large_image\" \/>\n<meta name=\"twitter:label1\" content=\"Dur\u00e9e de lecture estim\u00e9e\" \/>\n\t<meta name=\"twitter:data1\" content=\"3 minutes\" \/>\n<script type=\"application\/ld+json\" class=\"yoast-schema-graph\">{\"@context\":\"https:\\\/\\\/schema.org\",\"@graph\":[{\"@type\":\"WebPage\",\"@id\":\"https:\\\/\\\/builtboats.co.nz\\\/fr\\\/?page_id=1897\",\"url\":\"https:\\\/\\\/builtboats.co.nz\\\/fr\\\/?page_id=1897\",\"name\":\"Innovations en mati\u00e8re de conception dans l'architecture marine d'aujourd'hui\",\"isPartOf\":{\"@id\":\"https:\\\/\\\/builtboats.co.nz\\\/#website\"},\"primaryImageOfPage\":{\"@id\":\"https:\\\/\\\/builtboats.co.nz\\\/fr\\\/?page_id=1897#primaryimage\"},\"image\":{\"@id\":\"https:\\\/\\\/builtboats.co.nz\\\/fr\\\/?page_id=1897#primaryimage\"},\"thumbnailUrl\":\"https:\\\/\\\/builtboats.co.nz\\\/wp-content\\\/uploads\\\/2025\\\/01\\\/Built-Boats-Studio-1-1024x683.jpg\",\"datePublished\":\"2025-01-26T23:49:17+00:00\",\"dateModified\":\"2025-07-16T09:54:27+00:00\",\"description\":\"Explorez la conception innovante de l'architecture navale avec Built Boats Ltd. D\u00e9couvrez des solutions performantes pour les bateaux \u00e0 moteur et les navires.\",\"breadcrumb\":{\"@id\":\"https:\\\/\\\/builtboats.co.nz\\\/fr\\\/?page_id=1897#breadcrumb\"},\"inLanguage\":\"fr-FR\",\"potentialAction\":[{\"@type\":\"ReadAction\",\"target\":[\"https:\\\/\\\/builtboats.co.nz\\\/fr\\\/?page_id=1897\"]}]},{\"@type\":\"ImageObject\",\"inLanguage\":\"fr-FR\",\"@id\":\"https:\\\/\\\/builtboats.co.nz\\\/fr\\\/?page_id=1897#primaryimage\",\"url\":\"https:\\\/\\\/builtboats.co.nz\\\/wp-content\\\/uploads\\\/2025\\\/01\\\/Built-Boats-Studio-1-1024x683.jpg\",\"contentUrl\":\"https:\\\/\\\/builtboats.co.nz\\\/wp-content\\\/uploads\\\/2025\\\/01\\\/Built-Boats-Studio-1-1024x683.jpg\"},{\"@type\":\"BreadcrumbList\",\"@id\":\"https:\\\/\\\/builtboats.co.nz\\\/fr\\\/?page_id=1897#breadcrumb\",\"itemListElement\":[{\"@type\":\"ListItem\",\"position\":1,\"name\":\"Home\",\"item\":\"https:\\\/\\\/builtboats.co.nz\\\/fr\\\/?page_id=1905\"},{\"@type\":\"ListItem\",\"position\":2,\"name\":\"A propos de\"}]},{\"@type\":\"WebSite\",\"@id\":\"https:\\\/\\\/builtboats.co.nz\\\/#website\",\"url\":\"https:\\\/\\\/builtboats.co.nz\\\/\",\"name\":\"Built Boats | Expert Boat Design & Naval Architecture\",\"description\":\"Built Boats Ltd: Expert Boat Design &amp; Naval Architecture Solutions\",\"publisher\":{\"@id\":\"https:\\\/\\\/builtboats.co.nz\\\/#organization\"},\"potentialAction\":[{\"@type\":\"SearchAction\",\"target\":{\"@type\":\"EntryPoint\",\"urlTemplate\":\"https:\\\/\\\/builtboats.co.nz\\\/?s={search_term_string}\"},\"query-input\":{\"@type\":\"PropertyValueSpecification\",\"valueRequired\":true,\"valueName\":\"search_term_string\"}}],\"inLanguage\":\"fr-FR\"},{\"@type\":\"Organization\",\"@id\":\"https:\\\/\\\/builtboats.co.nz\\\/#organization\",\"name\":\"Built Boats | Yacht Designers & Naval Architects\",\"url\":\"https:\\\/\\\/builtboats.co.nz\\\/\",\"logo\":{\"@type\":\"ImageObject\",\"inLanguage\":\"fr-FR\",\"@id\":\"https:\\\/\\\/builtboats.co.nz\\\/#\\\/schema\\\/logo\\\/image\\\/\",\"url\":\"https:\\\/\\\/builtboats.co.nz\\\/wp-content\\\/uploads\\\/2025\\\/01\\\/zipwp-image-7646.png\",\"contentUrl\":\"https:\\\/\\\/builtboats.co.nz\\\/wp-content\\\/uploads\\\/2025\\\/01\\\/zipwp-image-7646.png\",\"width\":232,\"height\":231,\"caption\":\"Built Boats | Yacht Designers & Naval Architects\"},\"image\":{\"@id\":\"https:\\\/\\\/builtboats.co.nz\\\/#\\\/schema\\\/logo\\\/image\\\/\"},\"sameAs\":[\"https:\\\/\\\/www.facebook.com\\\/builtboats\\\/\",\"https:\\\/\\\/www.instagram.com\\\/builtboats_nz\",\"https:\\\/\\\/www.linkedin.com\\\/company\\\/built-boats\\\/?originalSubdomain=nz\"]}]}<\/script>\n<!-- \/ Yoast SEO Premium plugin. -->","yoast_head_json":{"title":"Innovations en mati\u00e8re de conception dans l'architecture marine d'aujourd'hui","description":"Explorez la conception innovante de l'architecture navale avec Built Boats Ltd. D\u00e9couvrez des solutions performantes pour les bateaux \u00e0 moteur et les navires.","robots":{"index":"index","follow":"follow","max-snippet":"max-snippet:-1","max-image-preview":"max-image-preview:large","max-video-preview":"max-video-preview:-1"},"canonical":"https:\/\/builtboats.co.nz\/fr\/?page_id=1897","og_locale":"fr_FR","og_type":"article","og_title":"A propos de","og_description":"Explorez la conception innovante de l'architecture navale avec Built Boats Ltd. D\u00e9couvrez des solutions performantes pour les bateaux \u00e0 moteur et les navires.","og_url":"https:\/\/builtboats.co.nz\/fr\/?page_id=1897","og_site_name":"Built Boats | Boat Design","article_publisher":"https:\/\/www.facebook.com\/builtboats\/","article_modified_time":"2025-07-16T09:54:27+00:00","og_image":[{"url":"https:\/\/builtboats.co.nz\/wp-content\/uploads\/2025\/01\/Built-Boats-Studio-1-1024x683.jpg","type":"","width":"","height":""}],"twitter_card":"summary_large_image","twitter_misc":{"Dur\u00e9e de lecture estim\u00e9e":"3 minutes"},"schema":{"@context":"https:\/\/schema.org","@graph":[{"@type":"WebPage","@id":"https:\/\/builtboats.co.nz\/fr\/?page_id=1897","url":"https:\/\/builtboats.co.nz\/fr\/?page_id=1897","name":"Innovations en mati\u00e8re de conception dans l'architecture marine d'aujourd'hui","isPartOf":{"@id":"https:\/\/builtboats.co.nz\/#website"},"primaryImageOfPage":{"@id":"https:\/\/builtboats.co.nz\/fr\/?page_id=1897#primaryimage"},"image":{"@id":"https:\/\/builtboats.co.nz\/fr\/?page_id=1897#primaryimage"},"thumbnailUrl":"https:\/\/builtboats.co.nz\/wp-content\/uploads\/2025\/01\/Built-Boats-Studio-1-1024x683.jpg","datePublished":"2025-01-26T23:49:17+00:00","dateModified":"2025-07-16T09:54:27+00:00","description":"Explorez la conception innovante de l'architecture navale avec Built Boats Ltd. D\u00e9couvrez des solutions performantes pour les bateaux \u00e0 moteur et les navires.","breadcrumb":{"@id":"https:\/\/builtboats.co.nz\/fr\/?page_id=1897#breadcrumb"},"inLanguage":"fr-FR","potentialAction":[{"@type":"ReadAction","target":["https:\/\/builtboats.co.nz\/fr\/?page_id=1897"]}]},{"@type":"ImageObject","inLanguage":"fr-FR","@id":"https:\/\/builtboats.co.nz\/fr\/?page_id=1897#primaryimage","url":"https:\/\/builtboats.co.nz\/wp-content\/uploads\/2025\/01\/Built-Boats-Studio-1-1024x683.jpg","contentUrl":"https:\/\/builtboats.co.nz\/wp-content\/uploads\/2025\/01\/Built-Boats-Studio-1-1024x683.jpg"},{"@type":"BreadcrumbList","@id":"https:\/\/builtboats.co.nz\/fr\/?page_id=1897#breadcrumb","itemListElement":[{"@type":"ListItem","position":1,"name":"Home","item":"https:\/\/builtboats.co.nz\/fr\/?page_id=1905"},{"@type":"ListItem","position":2,"name":"A propos de"}]},{"@type":"WebSite","@id":"https:\/\/builtboats.co.nz\/#website","url":"https:\/\/builtboats.co.nz\/","name":"Built Boats | Expert Boat Design & Naval Architecture","description":"Built Boats Ltd: Expert Boat Design &amp; Naval Architecture Solutions","publisher":{"@id":"https:\/\/builtboats.co.nz\/#organization"},"potentialAction":[{"@type":"SearchAction","target":{"@type":"EntryPoint","urlTemplate":"https:\/\/builtboats.co.nz\/?s={search_term_string}"},"query-input":{"@type":"PropertyValueSpecification","valueRequired":true,"valueName":"search_term_string"}}],"inLanguage":"fr-FR"},{"@type":"Organization","@id":"https:\/\/builtboats.co.nz\/#organization","name":"Built Boats | Yacht Designers & Naval Architects","url":"https:\/\/builtboats.co.nz\/","logo":{"@type":"ImageObject","inLanguage":"fr-FR","@id":"https:\/\/builtboats.co.nz\/#\/schema\/logo\/image\/","url":"https:\/\/builtboats.co.nz\/wp-content\/uploads\/2025\/01\/zipwp-image-7646.png","contentUrl":"https:\/\/builtboats.co.nz\/wp-content\/uploads\/2025\/01\/zipwp-image-7646.png","width":232,"height":231,"caption":"Built Boats | Yacht Designers & Naval Architects"},"image":{"@id":"https:\/\/builtboats.co.nz\/#\/schema\/logo\/image\/"},"sameAs":["https:\/\/www.facebook.com\/builtboats\/","https:\/\/www.instagram.com\/builtboats_nz","https:\/\/www.linkedin.com\/company\/built-boats\/?originalSubdomain=nz"]}]}},"uagb_featured_image_src":{"full":false,"thumbnail":false,"medium":false,"medium_large":false,"large":false,"1536x1536":false,"2048x2048":false,"vp_sm":false,"vp_md":false,"vp_lg":false,"vp_xl":false,"vp_sm_popup":false,"vp_md_popup":false,"vp_xl_popup":false},"uagb_author_info":{"display_name":"Built Boats","author_link":"https:\/\/builtboats.co.nz\/fr\/author\/r9ixqk4xvnrd\/"},"uagb_comment_info":0,"uagb_excerpt":"L&rsquo;excellence en mati\u00e8re d&rsquo;ing\u00e9nierie issue d&rsquo;un h\u00e9ritage de conception Discover the Excellence of Built Boats Ltd in Marine Engineering Built [&hellip;]","_links":{"self":[{"href":"https:\/\/builtboats.co.nz\/fr\/wp-json\/wp\/v2\/pages\/1897","targetHints":{"allow":["GET"]}}],"collection":[{"href":"https:\/\/builtboats.co.nz\/fr\/wp-json\/wp\/v2\/pages"}],"about":[{"href":"https:\/\/builtboats.co.nz\/fr\/wp-json\/wp\/v2\/types\/page"}],"author":[{"embeddable":true,"href":"https:\/\/builtboats.co.nz\/fr\/wp-json\/wp\/v2\/users\/4"}],"replies":[{"embeddable":true,"href":"https:\/\/builtboats.co.nz\/fr\/wp-json\/wp\/v2\/comments?post=1897"}],"version-history":[{"count":0,"href":"https:\/\/builtboats.co.nz\/fr\/wp-json\/wp\/v2\/pages\/1897\/revisions"}],"wp:attachment":[{"href":"https:\/\/builtboats.co.nz\/fr\/wp-json\/wp\/v2\/media?parent=1897"}],"curies":[{"name":"wp","href":"https:\/\/api.w.org\/{rel}","templated":true}]}}