{"id":1948,"date":"2025-01-26T23:49:17","date_gmt":"2025-01-26T23:49:17","guid":{"rendered":"https:\/\/builtboats.co.nz\/informazioni-su\/"},"modified":"2025-07-16T10:06:09","modified_gmt":"2025-07-16T10:06:09","slug":"informazioni-su","status":"publish","type":"page","link":"https:\/\/builtboats.co.nz\/it\/informazioni-su\/","title":{"rendered":"Informazioni su"},"content":{"rendered":"\n<div class=\"wp-block-uagb-container uagb-block-4902463a alignfull uagb-is-root-container\"><div class=\"uagb-container-inner-blocks-wrap\">\n<div class=\"wp-block-uagb-advanced-heading uagb-block-a651693a\"><div class=\"uagb-separator\"><\/div><h1 class=\"uagb-heading-text\">L&#8217;eccellenza ingegneristica di un&#8217;eredit\u00e0 di design<\/h1><\/div>\n<\/div><\/div>\n\n<div class=\"wp-block-uagb-container uagb-block-10c39542 alignfull uagb-is-root-container\"><div class=\"uagb-container-inner-blocks-wrap\">\n<div class=\"wp-block-uagb-container uagb-block-0987b86f alignfull uagb-is-root-container\"><div class=\"uagb-container-inner-blocks-wrap\">\n<div class=\"wp-block-uagb-advanced-heading uagb-block-cba4be2a\"><h2 class=\"uagb-heading-text\"><\/h2><p>Discover the Excellence of Built Boats Ltd in Marine Engineering<\/p><\/div>\n\n\n\n<div class=\"wp-block-uagb-advanced-heading uagb-block-a57423e9\"><p class=\"uagb-heading-text\">Built Boats Ltd ridefinisce le prestazioni marine. I nostri <a href=\"https:\/\/builtboats.co.nz\/it\/blog-sul-design\/\">progetti di<\/a> barche a motore hanno ottenuto riconoscimenti nel settore. Otteniamo risultati notevoli per ogni cliente. I nostri progetti innovativi danno priorit\u00e0 alla sicurezza e all&#8217;efficienza. Questo garantisce la soddisfazione di tutti gli operatori nautici.    <\/p><p class=\"uagb-desc-text\"><br\/>Built Boats Ltd ha ridefinito con successo le prestazioni marine con progetti di motoscafi riconosciuti a livello mondiale, ottenendo risultati notevoli per i clienti. I nostri progetti innovativi danno la priorit\u00e0 alla sicurezza e all&#8217;efficienza, assicurando la soddisfazione degli operatori nautici, sia per il diporto che per il commercio. Noi di Built Boats Ltd non ci limitiamo a progettare, ma <strong>ingegnerizziamo un nuovo standard per le prestazioni nautiche<\/strong>, con le nostre creazioni che ora sono <strong>viste in tutto il mondo<\/strong>. Questa base di eccellenza deriva direttamente dalla <strong>lunga storia del fondatore Matt Gibson<\/strong> nel settore. La sua esperienza \u00e8 stata affidata a <strong>diversi costruttori di barche in tutto il mondo, tra cui nomi stimati come<\/strong> <strong>Yachtwerft Meyer, Vaudrey Miller Tenders e McMullen &amp; Wing<\/strong>. Inoltre, ha avuto il privilegio di contribuire a progetti al fianco di designer di fama mondiale come <strong>Patrick Banfield e Philippe Starck<\/strong>. Questa profonda esperienza garantisce che ogni progetto innovativo che realizziamo sia meticolosamente sviluppato per dare priorit\u00e0 a una <strong>sicurezza incrollabile, a un&#8217;efficienza senza pari<\/strong> e a un&#8217;esperienza davvero superiore per tutti gli operatori marittimi. Built Boats Ltd ha ridefinito con successo le prestazioni marine con progetti di motoscafi riconosciuti a livello mondiale, ottenendo risultati notevoli per i clienti. I nostri progetti innovativi danno la priorit\u00e0 alla sicurezza e all&#8217;efficienza, assicurando la soddisfazione degli operatori nautici, sia per il diporto che per il commercio.        <\/p><\/div>\n<\/div><\/div>\n\n\n\n<div class=\"wp-block-uagb-image aligncenter uagb-block-a5f8f61f wp-block-uagb-image--layout-default wp-block-uagb-image--effect-static wp-block-uagb-image--align-center\"><figure class=\"wp-block-uagb-image__figure\"><img decoding=\"async\" srcset=\"https:\/\/builtboats.co.nz\/wp-content\/uploads\/2025\/01\/Built-Boats-Studio-1-1024x683.jpg ,https:\/\/builtboats.co.nz\/wp-content\/uploads\/2025\/01\/Built-Boats-Studio-1.jpg 780w, https:\/\/builtboats.co.nz\/wp-content\/uploads\/2025\/01\/Built-Boats-Studio-1.jpg 360w\" sizes=\"auto, (max-width: 480px) 150px\" src=\"https:\/\/builtboats.co.nz\/wp-content\/uploads\/2025\/01\/Built-Boats-Studio-1-1024x683.jpg\" alt=\"Studio Built Boats\" class=\"uag-image-1202\" width=\"1200\" height=\"500\" title=\"Interno dello studio di progettazione Built Boats.\" loading=\"lazy\" role=\"img\"><\/figure><\/div>\n<\/div><\/div>\n\n<div class=\"wp-block-uagb-container uagb-block-3b46b7c5 alignfull uagb-is-root-container\"><div class=\"uagb-container-inner-blocks-wrap\">\n<div class=\"wp-block-uagb-advanced-heading uagb-block-26e4386e\"><div class=\"uagb-separator\"><\/div><h2 class=\"uagb-heading-text\">La nostra missione<\/h2><p class=\"uagb-desc-text\">Per noi di Built Boats Ltd, la nostra missione \u00e8 profondamente personale: si tratta di <strong>trasformare<\/strong> radicalmente <strong>le prestazioni e l&#8217;efficienza nautica<\/strong>. Lo facciamo attraverso un <strong>design<\/strong> davvero <strong>innovativo<\/strong>, in cui la <strong>sicurezza, il comfort e la sostenibilit\u00e0<\/strong> non sono solo caratteristiche che aggiungiamo, ma sono assolutamente <strong>parte integrante dell&#8217;essenza stessa di ogni singola imbarcazione che portiamo in vita<\/strong>. <\/p><\/div>\n\n\n\n<div class=\"wp-block-uagb-advanced-heading uagb-block-57ce3c5c\"><div class=\"uagb-separator\"><\/div><h2 class=\"uagb-heading-text\">I nostri valori<\/h2><p class=\"uagb-desc-text\">Alla Built Boats Ltd, le nostre fondamenta poggiano su quelli che ritengo essere principi non negoziabili: <strong>Innovazione, Precisione e Collaborazione<\/strong>. \u00c8 pi\u00f9 di un semplice elenco: \u00e8 il nostro modo di operare. Ci dedichiamo genuinamente alla creazione di <strong>soluzioni sostenibili<\/strong> che migliorino realmente l&#8217;esperienza nautica e, a tal fine, \u00e8 fondamentale costruire <strong>partnership durature e di fiducia<\/strong> con ogni cliente e stakeholder con cui lavoriamo.  <\/p><\/div>\n\n\n\n<div class=\"wp-block-uagb-advanced-heading uagb-block-e454bd3d\"><div class=\"uagb-separator\"><\/div><h2 class=\"uagb-heading-text\">La nostra visione<\/h2><p class=\"uagb-desc-text\">La nostra visione \u00e8 chiara e ambiziosa: essere riconosciuti come <strong>leader mondiale nella progettazione e nell&#8217;ingegneria navale<\/strong>. Non si tratta solo di essere al top, ma di <strong>stabilire<\/strong> costantemente <strong>nuovi parametri di riferimento<\/strong>: nelle prestazioni, nell&#8217;impegno per la sostenibilit\u00e0, nella maestria e nello stile delle nostre creazioni. In definitiva, credo che sia nostra responsabilit\u00e0 <strong>ispirare e plasmare le future generazioni di innovatori nautici<\/strong>.  <\/p><\/div>\n<\/div><\/div>\n\n<div class=\"wp-block-uagb-container uagb-block-2d1e4144 alignfull uagb-is-root-container\"><div class=\"uagb-container-inner-blocks-wrap\">\n<div class=\"wp-block-uagb-image uagb-block-d8782e7d wp-block-uagb-image--layout-default wp-block-uagb-image--effect-static wp-block-uagb-image--align-none\"><figure class=\"wp-block-uagb-image__figure\"><img decoding=\"async\" srcset=\"https:\/\/builtboats.co.nz\/wp-content\/uploads\/2025\/07\/Matthias-Gibson_Sketch-Render_75ft-Cruiser-Boat-Design_Rev01-1024x552.jpg ,https:\/\/builtboats.co.nz\/wp-content\/uploads\/2025\/07\/Matthias-Gibson_Sketch-Render_75ft-Cruiser-Boat-Design_Rev01.jpg 780w, https:\/\/builtboats.co.nz\/wp-content\/uploads\/2025\/07\/Matthias-Gibson_Sketch-Render_75ft-Cruiser-Boat-Design_Rev01.jpg 360w\" sizes=\"auto, (max-width: 480px) 150px\" src=\"https:\/\/builtboats.co.nz\/wp-content\/uploads\/2025\/07\/Matthias-Gibson_Sketch-Render_75ft-Cruiser-Boat-Design_Rev01-1024x552.jpg\" alt=\"Un design futuristico di uno yacht di lusso bianco e nero, con un profilo elegante, grandi finestre scure e una sovrastruttura distintiva, realizzato in studio.\" class=\"uag-image-1548\" width=\"560\" height=\"302\" title=\"Concept Render di uno yacht di lusso: Design di una barca moderna di Matthias Gibson\" loading=\"lazy\" role=\"img\"><\/figure><\/div>\n\n\n\n<div class=\"wp-block-uagb-info-box uagb-block-c931f114 uagb-infobox__content-wrap  uagb-infobox-icon-above-title uagb-infobox-image-valign-top wp-block-uagb-info-box--has-margin\"><div class=\"uagb-infobox-margin-wrapper\"><div class=\"uagb-ifb-content\"><div class=\"uagb-ifb-title-wrap\"><div class=\"uagb-ifb-separator\"><\/div><h2 class=\"uagb-ifb-title\">La visione che guida Built Boats Ltd: progettare il futuro del design navale.<\/h2><\/div><p class=\"uagb-ifb-desc\">Alla Built Boats Ltd, la nostra visione si basa su un principio semplice ma profondo: <strong>combinare meticolosamente un design innovativo con una lavorazione di precisione di tipo ingegneristico<\/strong>. Non si tratta solo di creare imbarcazioni, ma di <strong>trasformare<\/strong> radicalmente <strong>l&#8217;esperienza nautica in tutto il mondo<\/strong> stabilendo nuovi parametri di riferimento per le prestazioni, la sicurezza e la sostenibilit\u00e0. \u00c8 lo standard <strong>che sostengo personalmente<\/strong> per ogni progetto.  <\/p><\/div><\/div><\/div>\n<\/div><\/div>\n\n<div class=\"wp-block-uagb-container uagb-block-804a406b alignfull uagb-is-root-container\"><div class=\"uagb-container-inner-blocks-wrap\">\n<div class=\"wp-block-uagb-info-box uagb-block-fd4425a9 uagb-infobox__content-wrap  uagb-infobox-icon-above-title uagb-infobox-image-valign-top wp-block-uagb-info-box--has-margin\"><div class=\"uagb-infobox-margin-wrapper\"><div class=\"uagb-ifb-content\"><div class=\"uagb-ifb-title-wrap\"><div class=\"uagb-ifb-separator\"><\/div><h2 class=\"uagb-ifb-title\">Sei pronto a iniziare il tuo progetto?<\/h2><\/div><p class=\"uagb-ifb-desc\">Contattaci oggi stesso per scoprire come Built Boats Ltd pu\u00f2 dare vita alla tua visione.<\/p><div class=\"uagb-ifb-button-wrapper wp-block-button\"><a href=\"https:\/\/builtboats.co.nz\/contact\/\" class=\"uagb-infobox-cta-link wp-block-button__link\" target=\"_self\" rel=\"noopener noreferrer\" onclick=\"return true;\"><span class=\"uagb-inline-editing\">Esplora i nostri servizi<\/span><\/a><\/div><\/div><\/div><\/div>\n<\/div><\/div>\n","protected":false},"excerpt":{"rendered":"<p>L&#8217;eccellenza ingegneristica di un&#8217;eredit\u00e0 di design Discover the Excellence of Built Boats Ltd in Marine Engineering Built Boats Ltd ridefinisce [&hellip;]<\/p>\n","protected":false},"author":4,"featured_media":0,"parent":0,"menu_order":0,"comment_status":"closed","ping_status":"closed","template":"","meta":{"content-type":"","_uag_custom_page_level_css":"","site-sidebar-layout":"default","site-content-layout":"","ast-site-content-layout":"default","site-content-style":"default","site-sidebar-style":"default","ast-global-header-display":"","ast-banner-title-visibility":"","ast-main-header-display":"","ast-hfb-above-header-display":"","ast-hfb-below-header-display":"","ast-hfb-mobile-header-display":"","site-post-title":"disabled","ast-breadcrumbs-content":"","ast-featured-img":"","footer-sml-layout":"","ast-disable-related-posts":"","theme-transparent-header-meta":"","adv-header-id-meta":"","stick-header-meta":"","header-above-stick-meta":"","header-main-stick-meta":"","header-below-stick-meta":"","astra-migrate-meta-layouts":"default","ast-page-background-enabled":"default","ast-page-background-meta":{"desktop":{"background-color":"var(--ast-global-color-4)","background-image":"","background-repeat":"repeat","background-position":"center center","background-size":"auto","background-attachment":"scroll","background-type":"","background-media":"","overlay-type":"","overlay-color":"","overlay-opacity":"","overlay-gradient":""},"tablet":{"background-color":"","background-image":"","background-repeat":"repeat","background-position":"center center","background-size":"auto","background-attachment":"scroll","background-type":"","background-media":"","overlay-type":"","overlay-color":"","overlay-opacity":"","overlay-gradient":""},"mobile":{"background-color":"","background-image":"","background-repeat":"repeat","background-position":"center center","background-size":"auto","background-attachment":"scroll","background-type":"","background-media":"","overlay-type":"","overlay-color":"","overlay-opacity":"","overlay-gradient":""}},"ast-content-background-meta":{"desktop":{"background-color":"var(--ast-global-color-5)","background-image":"","background-repeat":"repeat","background-position":"center center","background-size":"auto","background-attachment":"scroll","background-type":"","background-media":"","overlay-type":"","overlay-color":"","overlay-opacity":"","overlay-gradient":""},"tablet":{"background-color":"var(--ast-global-color-5)","background-image":"","background-repeat":"repeat","background-position":"center center","background-size":"auto","background-attachment":"scroll","background-type":"","background-media":"","overlay-type":"","overlay-color":"","overlay-opacity":"","overlay-gradient":""},"mobile":{"background-color":"var(--ast-global-color-5)","background-image":"","background-repeat":"repeat","background-position":"center center","background-size":"auto","background-attachment":"scroll","background-type":"","background-media":"","overlay-type":"","overlay-color":"","overlay-opacity":"","overlay-gradient":""}},"_vp_format_video_url":"","_vp_image_focal_point":[],"_vp_custom_popup_image":0,"_vp_format_audio_url":"","_vp_custom_thumbnail":0,"_vp_custom_thumbnail_focal_point":[],"_vp_hover_thumbnail":0,"_vp_hover_thumbnail_focal_point":[],"footnotes":""},"class_list":["post-1948","page","type-page","status-publish","hentry"],"yoast_head":"<!-- This site is optimized with the Yoast SEO Premium plugin v25.5 (Yoast SEO v27.5) - https:\/\/yoast.com\/product\/yoast-seo-premium-wordpress\/ -->\n<title>Le innovazioni del design nell&#039;architettura navale oggi<\/title>\n<meta name=\"description\" content=\"Esplora il design innovativo dell&#039;architettura navale con Built Boats Ltd. Scopri le soluzioni ad alte prestazioni per barche a motore e imbarcazioni.\" \/>\n<meta name=\"robots\" content=\"index, follow, max-snippet:-1, max-image-preview:large, max-video-preview:-1\" \/>\n<link rel=\"canonical\" href=\"https:\/\/builtboats.co.nz\/it\/informazioni-su\/\" \/>\n<meta property=\"og:locale\" content=\"it_IT\" \/>\n<meta property=\"og:type\" content=\"article\" \/>\n<meta property=\"og:title\" content=\"Informazioni su\" \/>\n<meta property=\"og:description\" content=\"Esplora il design innovativo dell&#039;architettura navale con Built Boats Ltd. Scopri le soluzioni ad alte prestazioni per barche a motore e imbarcazioni.\" \/>\n<meta property=\"og:url\" content=\"https:\/\/builtboats.co.nz\/it\/informazioni-su\/\" \/>\n<meta property=\"og:site_name\" content=\"Built Boats | Boat Design\" \/>\n<meta property=\"article:publisher\" content=\"https:\/\/www.facebook.com\/builtboats\/\" \/>\n<meta property=\"article:modified_time\" content=\"2025-07-16T10:06:09+00:00\" \/>\n<meta property=\"og:image\" content=\"https:\/\/builtboats.co.nz\/wp-content\/uploads\/2025\/01\/Built-Boats-Studio-1-1024x683.jpg\" \/>\n<meta name=\"twitter:card\" content=\"summary_large_image\" \/>\n<meta name=\"twitter:label1\" content=\"Tempo di lettura stimato\" \/>\n\t<meta name=\"twitter:data1\" content=\"3 minuti\" \/>\n<script type=\"application\/ld+json\" class=\"yoast-schema-graph\">{\"@context\":\"https:\\\/\\\/schema.org\",\"@graph\":[{\"@type\":\"WebPage\",\"@id\":\"https:\\\/\\\/builtboats.co.nz\\\/it\\\/informazioni-su\\\/\",\"url\":\"https:\\\/\\\/builtboats.co.nz\\\/it\\\/informazioni-su\\\/\",\"name\":\"Le innovazioni del design nell'architettura navale oggi\",\"isPartOf\":{\"@id\":\"https:\\\/\\\/builtboats.co.nz\\\/#website\"},\"primaryImageOfPage\":{\"@id\":\"https:\\\/\\\/builtboats.co.nz\\\/it\\\/informazioni-su\\\/#primaryimage\"},\"image\":{\"@id\":\"https:\\\/\\\/builtboats.co.nz\\\/it\\\/informazioni-su\\\/#primaryimage\"},\"thumbnailUrl\":\"https:\\\/\\\/builtboats.co.nz\\\/wp-content\\\/uploads\\\/2025\\\/01\\\/Built-Boats-Studio-1-1024x683.jpg\",\"datePublished\":\"2025-01-26T23:49:17+00:00\",\"dateModified\":\"2025-07-16T10:06:09+00:00\",\"description\":\"Esplora il design innovativo dell'architettura navale con Built Boats Ltd. Scopri le soluzioni ad alte prestazioni per barche a motore e imbarcazioni.\",\"breadcrumb\":{\"@id\":\"https:\\\/\\\/builtboats.co.nz\\\/it\\\/informazioni-su\\\/#breadcrumb\"},\"inLanguage\":\"it-IT\",\"potentialAction\":[{\"@type\":\"ReadAction\",\"target\":[\"https:\\\/\\\/builtboats.co.nz\\\/it\\\/informazioni-su\\\/\"]}]},{\"@type\":\"ImageObject\",\"inLanguage\":\"it-IT\",\"@id\":\"https:\\\/\\\/builtboats.co.nz\\\/it\\\/informazioni-su\\\/#primaryimage\",\"url\":\"https:\\\/\\\/builtboats.co.nz\\\/wp-content\\\/uploads\\\/2025\\\/01\\\/Built-Boats-Studio-1-1024x683.jpg\",\"contentUrl\":\"https:\\\/\\\/builtboats.co.nz\\\/wp-content\\\/uploads\\\/2025\\\/01\\\/Built-Boats-Studio-1-1024x683.jpg\"},{\"@type\":\"BreadcrumbList\",\"@id\":\"https:\\\/\\\/builtboats.co.nz\\\/it\\\/informazioni-su\\\/#breadcrumb\",\"itemListElement\":[{\"@type\":\"ListItem\",\"position\":1,\"name\":\"Home\",\"item\":\"https:\\\/\\\/builtboats.co.nz\\\/it\\\/casa\\\/\"},{\"@type\":\"ListItem\",\"position\":2,\"name\":\"Informazioni su\"}]},{\"@type\":\"WebSite\",\"@id\":\"https:\\\/\\\/builtboats.co.nz\\\/#website\",\"url\":\"https:\\\/\\\/builtboats.co.nz\\\/\",\"name\":\"Built Boats | Expert Boat Design & Naval Architecture\",\"description\":\"Built Boats Ltd: Expert Boat Design &amp; Naval Architecture Solutions\",\"publisher\":{\"@id\":\"https:\\\/\\\/builtboats.co.nz\\\/#organization\"},\"potentialAction\":[{\"@type\":\"SearchAction\",\"target\":{\"@type\":\"EntryPoint\",\"urlTemplate\":\"https:\\\/\\\/builtboats.co.nz\\\/?s={search_term_string}\"},\"query-input\":{\"@type\":\"PropertyValueSpecification\",\"valueRequired\":true,\"valueName\":\"search_term_string\"}}],\"inLanguage\":\"it-IT\"},{\"@type\":\"Organization\",\"@id\":\"https:\\\/\\\/builtboats.co.nz\\\/#organization\",\"name\":\"Built Boats | Yacht Designers & Naval Architects\",\"url\":\"https:\\\/\\\/builtboats.co.nz\\\/\",\"logo\":{\"@type\":\"ImageObject\",\"inLanguage\":\"it-IT\",\"@id\":\"https:\\\/\\\/builtboats.co.nz\\\/#\\\/schema\\\/logo\\\/image\\\/\",\"url\":\"https:\\\/\\\/builtboats.co.nz\\\/wp-content\\\/uploads\\\/2025\\\/01\\\/zipwp-image-7646.png\",\"contentUrl\":\"https:\\\/\\\/builtboats.co.nz\\\/wp-content\\\/uploads\\\/2025\\\/01\\\/zipwp-image-7646.png\",\"width\":232,\"height\":231,\"caption\":\"Built Boats | Yacht Designers & Naval Architects\"},\"image\":{\"@id\":\"https:\\\/\\\/builtboats.co.nz\\\/#\\\/schema\\\/logo\\\/image\\\/\"},\"sameAs\":[\"https:\\\/\\\/www.facebook.com\\\/builtboats\\\/\",\"https:\\\/\\\/www.instagram.com\\\/builtboats_nz\",\"https:\\\/\\\/www.linkedin.com\\\/company\\\/built-boats\\\/?originalSubdomain=nz\"]}]}<\/script>\n<!-- \/ Yoast SEO Premium plugin. -->","yoast_head_json":{"title":"Le innovazioni del design nell'architettura navale oggi","description":"Esplora il design innovativo dell'architettura navale con Built Boats Ltd. Scopri le soluzioni ad alte prestazioni per barche a motore e imbarcazioni.","robots":{"index":"index","follow":"follow","max-snippet":"max-snippet:-1","max-image-preview":"max-image-preview:large","max-video-preview":"max-video-preview:-1"},"canonical":"https:\/\/builtboats.co.nz\/it\/informazioni-su\/","og_locale":"it_IT","og_type":"article","og_title":"Informazioni su","og_description":"Esplora il design innovativo dell'architettura navale con Built Boats Ltd. Scopri le soluzioni ad alte prestazioni per barche a motore e imbarcazioni.","og_url":"https:\/\/builtboats.co.nz\/it\/informazioni-su\/","og_site_name":"Built Boats | Boat Design","article_publisher":"https:\/\/www.facebook.com\/builtboats\/","article_modified_time":"2025-07-16T10:06:09+00:00","og_image":[{"url":"https:\/\/builtboats.co.nz\/wp-content\/uploads\/2025\/01\/Built-Boats-Studio-1-1024x683.jpg","type":"","width":"","height":""}],"twitter_card":"summary_large_image","twitter_misc":{"Tempo di lettura stimato":"3 minuti"},"schema":{"@context":"https:\/\/schema.org","@graph":[{"@type":"WebPage","@id":"https:\/\/builtboats.co.nz\/it\/informazioni-su\/","url":"https:\/\/builtboats.co.nz\/it\/informazioni-su\/","name":"Le innovazioni del design nell'architettura navale oggi","isPartOf":{"@id":"https:\/\/builtboats.co.nz\/#website"},"primaryImageOfPage":{"@id":"https:\/\/builtboats.co.nz\/it\/informazioni-su\/#primaryimage"},"image":{"@id":"https:\/\/builtboats.co.nz\/it\/informazioni-su\/#primaryimage"},"thumbnailUrl":"https:\/\/builtboats.co.nz\/wp-content\/uploads\/2025\/01\/Built-Boats-Studio-1-1024x683.jpg","datePublished":"2025-01-26T23:49:17+00:00","dateModified":"2025-07-16T10:06:09+00:00","description":"Esplora il design innovativo dell'architettura navale con Built Boats Ltd. Scopri le soluzioni ad alte prestazioni per barche a motore e imbarcazioni.","breadcrumb":{"@id":"https:\/\/builtboats.co.nz\/it\/informazioni-su\/#breadcrumb"},"inLanguage":"it-IT","potentialAction":[{"@type":"ReadAction","target":["https:\/\/builtboats.co.nz\/it\/informazioni-su\/"]}]},{"@type":"ImageObject","inLanguage":"it-IT","@id":"https:\/\/builtboats.co.nz\/it\/informazioni-su\/#primaryimage","url":"https:\/\/builtboats.co.nz\/wp-content\/uploads\/2025\/01\/Built-Boats-Studio-1-1024x683.jpg","contentUrl":"https:\/\/builtboats.co.nz\/wp-content\/uploads\/2025\/01\/Built-Boats-Studio-1-1024x683.jpg"},{"@type":"BreadcrumbList","@id":"https:\/\/builtboats.co.nz\/it\/informazioni-su\/#breadcrumb","itemListElement":[{"@type":"ListItem","position":1,"name":"Home","item":"https:\/\/builtboats.co.nz\/it\/casa\/"},{"@type":"ListItem","position":2,"name":"Informazioni su"}]},{"@type":"WebSite","@id":"https:\/\/builtboats.co.nz\/#website","url":"https:\/\/builtboats.co.nz\/","name":"Built Boats | Expert Boat Design & Naval Architecture","description":"Built Boats Ltd: Expert Boat Design &amp; Naval Architecture Solutions","publisher":{"@id":"https:\/\/builtboats.co.nz\/#organization"},"potentialAction":[{"@type":"SearchAction","target":{"@type":"EntryPoint","urlTemplate":"https:\/\/builtboats.co.nz\/?s={search_term_string}"},"query-input":{"@type":"PropertyValueSpecification","valueRequired":true,"valueName":"search_term_string"}}],"inLanguage":"it-IT"},{"@type":"Organization","@id":"https:\/\/builtboats.co.nz\/#organization","name":"Built Boats | Yacht Designers & Naval Architects","url":"https:\/\/builtboats.co.nz\/","logo":{"@type":"ImageObject","inLanguage":"it-IT","@id":"https:\/\/builtboats.co.nz\/#\/schema\/logo\/image\/","url":"https:\/\/builtboats.co.nz\/wp-content\/uploads\/2025\/01\/zipwp-image-7646.png","contentUrl":"https:\/\/builtboats.co.nz\/wp-content\/uploads\/2025\/01\/zipwp-image-7646.png","width":232,"height":231,"caption":"Built Boats | Yacht Designers & Naval Architects"},"image":{"@id":"https:\/\/builtboats.co.nz\/#\/schema\/logo\/image\/"},"sameAs":["https:\/\/www.facebook.com\/builtboats\/","https:\/\/www.instagram.com\/builtboats_nz","https:\/\/www.linkedin.com\/company\/built-boats\/?originalSubdomain=nz"]}]}},"uagb_featured_image_src":{"full":false,"thumbnail":false,"medium":false,"medium_large":false,"large":false,"1536x1536":false,"2048x2048":false,"vp_sm":false,"vp_md":false,"vp_lg":false,"vp_xl":false,"vp_sm_popup":false,"vp_md_popup":false,"vp_xl_popup":false},"uagb_author_info":{"display_name":"Built Boats","author_link":"https:\/\/builtboats.co.nz\/it\/author\/r9ixqk4xvnrd\/"},"uagb_comment_info":0,"uagb_excerpt":"L&#8217;eccellenza ingegneristica di un&#8217;eredit\u00e0 di design Discover the Excellence of Built Boats Ltd in Marine Engineering Built Boats Ltd ridefinisce [&hellip;]","_links":{"self":[{"href":"https:\/\/builtboats.co.nz\/it\/wp-json\/wp\/v2\/pages\/1948","targetHints":{"allow":["GET"]}}],"collection":[{"href":"https:\/\/builtboats.co.nz\/it\/wp-json\/wp\/v2\/pages"}],"about":[{"href":"https:\/\/builtboats.co.nz\/it\/wp-json\/wp\/v2\/types\/page"}],"author":[{"embeddable":true,"href":"https:\/\/builtboats.co.nz\/it\/wp-json\/wp\/v2\/users\/4"}],"replies":[{"embeddable":true,"href":"https:\/\/builtboats.co.nz\/it\/wp-json\/wp\/v2\/comments?post=1948"}],"version-history":[{"count":0,"href":"https:\/\/builtboats.co.nz\/it\/wp-json\/wp\/v2\/pages\/1948\/revisions"}],"wp:attachment":[{"href":"https:\/\/builtboats.co.nz\/it\/wp-json\/wp\/v2\/media?parent=1948"}],"curies":[{"name":"wp","href":"https:\/\/api.w.org\/{rel}","templated":true}]}}